{"id":230,"date":"2022-09-10T17:59:23","date_gmt":"2022-09-10T17:59:23","guid":{"rendered":"https:\/\/drvoronoff.com\/wp\/?page_id=230"},"modified":"2022-09-10T23:00:35","modified_gmt":"2022-09-10T23:00:35","slug":"terapia-oral-anti-envejecimiento","status":"publish","type":"page","link":"https:\/\/drvoronoff.com\/es_ar\/terapia-oral-anti-envejecimiento\/","title":{"rendered":"Terapia oral anti-envejecimiento"},"content":{"rendered":"\n  <div class=\"banner has-hover\" id=\"banner-49218362\">\n          <div class=\"banner-inner fill\">\n        <div class=\"banner-bg fill\" >\n                                    <div class=\"overlay\"><\/div>            \n                    <\/div>\n\t\t\n\t<div class=\"ux-shape-divider ux-shape-divider--bottom ux-shape-divider--style-waves-opacity-3\">\n\t\t<svg viewBox=\"0 0 1000 300\" xmlns=\"http:\/\/www.w3.org\/2000\/svg\" preserveAspectRatio=\"none\">\n\t<path class=\"ux-shape-fill\" opacity=\"0.05\" d=\"M1014 264V386H206L34 300C34 300 344.42 277.16 436 221C542 156 590 160 704 209C811 255 899.11 214.94 979 346L1014 264Z\"\/>\n\t<path class=\"ux-shape-fill\" opacity=\"0.1\" d=\"M-302 55C-302 55 -66.73 263.25 50 214C178 160 283 116 353 141C445.68 174.1 534.28 256.19 588 249C692.9 235 764.52 75.94 855 131C940.61 183.09 1000 254 1000 254V328L-306 338L-302 55Z\"\/>\n\t<path class=\"ux-shape-fill\" opacity=\"0.15\" d=\"M-286 255C-286 255 -72 152 52 126C176 100 255 155 436 227C581.57 284.91 614.7 277.79 708 227C787 184 1009 3.0001 1093 164C1146 265.63 1031 293 1031 293L924 377L-288 389L-286 255Z\"\/>\n\t<path class=\"ux-shape-fill\" opacity=\"0.3\" d=\"M-24 69C-24 69 275.68 370.66 389 314C397 310 622 316 673 356C690.47 369.7 845 224 890 182C944.8 130.85 1018 92 1078 143C1154.12 207.7 1196 242 1196 242L1184 374L-28 386L-24 69Z\"\/>\n\t<path class=\"ux-shape-fill\" d=\"M-12 201C-12 201 58 284 182 258C306 232 342.29 221.23 456 264C565 305 640.82 288.36 721 249C776 222 837.5 191.31 935 253C984 284 1030 279 1030 279L1024 430L-12 440V201Z\"\/>\n<\/svg>\n\t<\/div>\n        <div class=\"banner-layers container\">\n            <div class=\"fill banner-link\"><\/div>            \n   <div id=\"text-box-1318689801\" class=\"text-box banner-layer x50 md-x50 lg-x50 y80 md-y80 lg-y80 res-text\">\n                                <div class=\"text-box-content text dark\">\n              \n              <div class=\"text-inner text-center\">\n                  \n<h3>Terapia oral anti-envejecimiento<\/h3>\n<h1 class=\"lead\">Dr Voronoff Cellular Advantage<\/h1>\n              <\/div>\n           <\/div>\n                            \n<style>\n#text-box-1318689801 {\n  width: 100%;\n}\n#text-box-1318689801 .text-box-content {\n  font-size: 100%;\n}\n<\/style>\n    <\/div>\n \n        <\/div>\n      <\/div>\n\n            \n<style>\n#banner-49218362 {\n  padding-top: 300px;\n  background-color: rgb(0,0,0);\n}\n#banner-49218362 .overlay {\n  background-color: rgba(0,0,0,.5);\n}\n#banner-49218362 .ux-shape-divider--bottom svg {\n  height: 80px;\n  --divider-width: 100%;\n}\n<\/style>\n  <\/div>\n\n\n<div class=\"row row-large align-middle\"  id=\"row-1402448215\">\n\n\t<div id=\"col-607821\" class=\"col medium-6 small-12 large-6\"  >\n\t\t\t\t<div class=\"col-inner\"  >\n\t\t\t\n\t\t\t\n\t<div id=\"text-3411415649\" class=\"text\">\n\t\t\n<p>El equipo de investigaci\u00f3n y desarrollo de la empresa <strong>Dr Voronoff<\/strong> ha trabajado incansablemente en tratamientos celulares ortomoleculares y ha dedicado muchos a\u00f1os a una investigaci\u00f3n que ha captado un enorme inter\u00e9s entre la comunidad cient\u00edfica. Sus tratamientos se han abierto camino en el mundo cient\u00edfico a trav\u00e9s del tiempo porque han demostrado ser eficaces.<\/p>\n<p>Basado en conceptos cient\u00edficos, los <strong>extractos de los tejidos de la Placenta<\/strong> de vacunos incluidos en el tratamiento <strong>Dr Voronoff Cellular Advantage<\/strong> son de vital importancia. Pero ciertamente en Dr Voronoff vamos m\u00e1s all\u00e1 de eso \u2013nosotros hacemos nuestros extractos<strong> a\u00fan m\u00e1s ricos en nutrientes esenciales mediante la incorporaci\u00f3n de amino\u00e1cidos<\/strong>, lo que favorece el desarrollo del tejido celular vivo.<\/p>\n<p>\u00a0<\/p>\n\t\t\n<style>\n#text-3411415649 {\n  font-size: 1.2rem;\n}\n<\/style>\n\t<\/div>\n\t\n\t\t<\/div>\n\t\t\t\t\t<\/div>\n\n\t\n\n\t<div id=\"col-787281842\" class=\"col medium-6 small-12 large-6\"  >\n\t\t\t\t<div class=\"col-inner\"  >\n\t\t\t\n\t\t\t\n\t<div class=\"img has-hover x md-x lg-x y md-y lg-y\" id=\"image_782761365\">\n\t\t\t\t\t\t\t\t<div class=\"img-inner dark\" >\n\t\t\t<img loading=\"lazy\" decoding=\"async\" width=\"571\" height=\"800\" src=\"https:\/\/drvoronoff.com\/wp\/wp-content\/uploads\/2022\/09\/dr_voronoff_caja_abierta_2-571x800.jpg\" class=\"attachment-large size-large\" alt=\"\" srcset=\"https:\/\/drvoronoff.com\/wp\/wp-content\/uploads\/2022\/09\/dr_voronoff_caja_abierta_2-571x800.jpg 571w, https:\/\/drvoronoff.com\/wp\/wp-content\/uploads\/2022\/09\/dr_voronoff_caja_abierta_2-286x400.jpg 286w, https:\/\/drvoronoff.com\/wp\/wp-content\/uploads\/2022\/09\/dr_voronoff_caja_abierta_2-768x1075.jpg 768w, https:\/\/drvoronoff.com\/wp\/wp-content\/uploads\/2022\/09\/dr_voronoff_caja_abierta_2-1097x1536.jpg 1097w, https:\/\/drvoronoff.com\/wp\/wp-content\/uploads\/2022\/09\/dr_voronoff_caja_abierta_2-1463x2048.jpg 1463w, https:\/\/drvoronoff.com\/wp\/wp-content\/uploads\/2022\/09\/dr_voronoff_caja_abierta_2-600x840.jpg 600w, https:\/\/drvoronoff.com\/wp\/wp-content\/uploads\/2022\/09\/dr_voronoff_caja_abierta_2-scaled.jpg 1828w\" sizes=\"auto, (max-width: 571px) 100vw, 571px\" \/>\t\t\t\t\t\t\n\t\t\t\t\t<\/div>\n\t\t\t\t\t\t\t\t\n<style>\n#image_782761365 {\n  width: 100%;\n}\n<\/style>\n\t<\/div>\n\t\n\t\t<\/div>\n\t\t\t\t\t<\/div>\n\n\t\n<\/div>\n<div class=\"row row-large\"  id=\"row-1664603426\">\n\n\t<div id=\"col-1636271699\" class=\"col small-12 large-12\"  >\n\t\t\t\t<div class=\"col-inner\"  >\n\t\t\t\n\t\t\t\n\t<div id=\"text-2959189711\" class=\"text\">\n\t\t\n<p>Finalmente, incluimos co-factores tales como <strong>Coenzima Q10<\/strong> y una larga lista de <strong>vitaminas y minerales<\/strong>, los cuales en las proporciones adecuadas e interactuando entre s\u00ed, son tan espec\u00edficos y vitales para regenerar el cuerpo humano que el resultado debe ser necesariamente una clara <strong>desaceleraci\u00f3n \u00a0del deterioro del cuerpo.<\/strong><\/p>\n<p>Hoy, el envejecimiento se considera una enfermedad que empeora con el paso del tiempo. Este es el por qu\u00e9 <strong>Dr. Voronoff Cellular Advantage, nuestro tratamiento antienvejecimiento, es esa respuesta alentadora que todos han estado esperando.<\/strong><\/p>\n<p>Con una expectativa de vida de al menos 75 a\u00f1os en los pa\u00edses desarrollados y cambios sustanciales en los estilos de vida en una era postmoderna, se ha observado una mayor incidencia de las enfermedades relacionadas con el envejecimiento biol\u00f3gico. El fen\u00f3meno podr\u00eda vincularse a una disfunci\u00f3n senil prematura que se observa cada vez m\u00e1s frecuentemente, lo cual estimula un inter\u00e9s sin precedentes en los tratamientos cient\u00edficos para combatir dicho fen\u00f3meno.<\/p>\n<p>La caracterizaci\u00f3n del fen\u00f3meno dice que<strong> el envejecimiento comienza a la edad de 40 a\u00f1os a nivel celular.<\/strong> Una vez que la c\u00e9lula termina su proceso de diferenciaci\u00f3n y optimiza sus funciones, cambios en el desarrollo comienzan a tener lugar, inducidos por errores metab\u00f3licos que crean un gradual deterioro de nuestros sistemas, tejidos y \u00f3rganos. A la luz de esta informaci\u00f3n, <strong>ser\u00eda in\u00fatil enfocar el envejecimiento &#8220;despu\u00e9s&#8221; de que se han producido los da\u00f1os<\/strong>, cuando no hay punto de retorno, o la recuperaci\u00f3n ser\u00eda casi imposible.<\/p>\n<p>Debemos abordar alteraciones funcionales en etapas tempranas de la vida, de manera tal que los da\u00f1os estructurales puedan prevenirse.<\/p>\n<p><strong>Dr. Voronoff Cellular Advantage<\/strong> es una mezcla cient\u00edficamente desarrollada de componentes celulares, amino\u00e1cidos y co-factores que juegan un papel central en el desarrollo celular de los seres humanos. <strong>Nuestro tratamiento representa d\u00e9cadas de investigaci\u00f3n, ensayos y pruebas hechas por m\u00e9dicos y bi\u00f3logos<\/strong> que han estado utilizando este enfoque para tratar a sus pacientes (Voronoff, Bogomotetz, Fischer, Filatow, Niehans, Stein, Denis, etc.).<\/p>\n<p>Por otro lado, es ampliamente conocido que la medicina de hoy se respalda en muchos productos derivados de extractos org\u00e1nicos.<\/p>\n<p><strong>Dr. Voronoff Cellular Advantage es una alternativa m\u00e9dica que trabaja con componentes celulares de origen animal, vitaminas y minerales naturales, amino\u00e1cidos y co-factores, lo cual lo hace \u00fanico y sin dudas el producto m\u00e1s efectivo entre todas las alternativas existentes.<\/strong><\/p>\n<p><strong>Dr. Voronoff Cellular Advantage<\/strong> es un regenerador celular, bien caracterizado tanto qu\u00edmicamente como fisiol\u00f3gicamente, regulando y revitalizando las funciones org\u00e1nicas del cuerpo.<\/p>\n\t\t\n<style>\n#text-2959189711 {\n  font-size: 1.2rem;\n}\n<\/style>\n\t<\/div>\n\t\n\t\t<\/div>\n\t\t\t\t\t<\/div>\n\n\t\n<\/div>\n","protected":false},"excerpt":{"rendered":"","protected":false},"author":1,"featured_media":8,"parent":0,"menu_order":0,"comment_status":"closed","ping_status":"closed","template":"page-transparent-header-light.php","meta":{"footnotes":""},"class_list":["post-230","page","type-page","status-publish","has-post-thumbnail","hentry"],"_links":{"self":[{"href":"https:\/\/drvoronoff.com\/es_ar\/wp-json\/wp\/v2\/pages\/230","targetHints":{"allow":["GET"]}}],"collection":[{"href":"https:\/\/drvoronoff.com\/es_ar\/wp-json\/wp\/v2\/pages"}],"about":[{"href":"https:\/\/drvoronoff.com\/es_ar\/wp-json\/wp\/v2\/types\/page"}],"author":[{"embeddable":true,"href":"https:\/\/drvoronoff.com\/es_ar\/wp-json\/wp\/v2\/users\/1"}],"replies":[{"embeddable":true,"href":"https:\/\/drvoronoff.com\/es_ar\/wp-json\/wp\/v2\/comments?post=230"}],"version-history":[{"count":11,"href":"https:\/\/drvoronoff.com\/es_ar\/wp-json\/wp\/v2\/pages\/230\/revisions"}],"predecessor-version":[{"id":312,"href":"https:\/\/drvoronoff.com\/es_ar\/wp-json\/wp\/v2\/pages\/230\/revisions\/312"}],"wp:featuredmedia":[{"embeddable":true,"href":"https:\/\/drvoronoff.com\/es_ar\/wp-json\/wp\/v2\/media\/8"}],"wp:attachment":[{"href":"https:\/\/drvoronoff.com\/es_ar\/wp-json\/wp\/v2\/media?parent=230"}],"curies":[{"name":"wp","href":"https:\/\/api.w.org\/{rel}","templated":true}]}}