{"id":263,"date":"2022-09-10T21:43:30","date_gmt":"2022-09-10T21:43:30","guid":{"rendered":"https:\/\/drvoronoff.com\/wp\/?page_id=263"},"modified":"2022-09-22T20:38:21","modified_gmt":"2022-09-22T20:38:21","slug":"analisis-y-resultados","status":"publish","type":"page","link":"https:\/\/drvoronoff.com\/es_ar\/terapia-oral-anti-envejecimiento\/analisis-y-resultados\/","title":{"rendered":"An\u00e1lisis y resultados"},"content":{"rendered":"\n  <div class=\"banner has-hover\" id=\"banner-1478981436\">\n          <div class=\"banner-inner fill\">\n        <div class=\"banner-bg fill\" >\n                                    <div class=\"overlay\"><\/div>            \n                    <\/div>\n\t\t\n\t<div class=\"ux-shape-divider ux-shape-divider--bottom ux-shape-divider--style-waves-opacity-3\">\n\t\t<svg viewBox=\"0 0 1000 300\" xmlns=\"http:\/\/www.w3.org\/2000\/svg\" preserveAspectRatio=\"none\">\n\t<path class=\"ux-shape-fill\" opacity=\"0.05\" d=\"M1014 264V386H206L34 300C34 300 344.42 277.16 436 221C542 156 590 160 704 209C811 255 899.11 214.94 979 346L1014 264Z\"\/>\n\t<path class=\"ux-shape-fill\" opacity=\"0.1\" d=\"M-302 55C-302 55 -66.73 263.25 50 214C178 160 283 116 353 141C445.68 174.1 534.28 256.19 588 249C692.9 235 764.52 75.94 855 131C940.61 183.09 1000 254 1000 254V328L-306 338L-302 55Z\"\/>\n\t<path class=\"ux-shape-fill\" opacity=\"0.15\" d=\"M-286 255C-286 255 -72 152 52 126C176 100 255 155 436 227C581.57 284.91 614.7 277.79 708 227C787 184 1009 3.0001 1093 164C1146 265.63 1031 293 1031 293L924 377L-288 389L-286 255Z\"\/>\n\t<path class=\"ux-shape-fill\" opacity=\"0.3\" d=\"M-24 69C-24 69 275.68 370.66 389 314C397 310 622 316 673 356C690.47 369.7 845 224 890 182C944.8 130.85 1018 92 1078 143C1154.12 207.7 1196 242 1196 242L1184 374L-28 386L-24 69Z\"\/>\n\t<path class=\"ux-shape-fill\" d=\"M-12 201C-12 201 58 284 182 258C306 232 342.29 221.23 456 264C565 305 640.82 288.36 721 249C776 222 837.5 191.31 935 253C984 284 1030 279 1030 279L1024 430L-12 440V201Z\"\/>\n<\/svg>\n\t<\/div>\n        <div class=\"banner-layers container\">\n            <div class=\"fill banner-link\"><\/div>            \n   <div id=\"text-box-467787018\" class=\"text-box banner-layer x50 md-x50 lg-x50 y80 md-y80 lg-y80 res-text\">\n                                <div class=\"text-box-content text dark\">\n              \n              <div class=\"text-inner text-center\">\n                  \n<h3>An\u00e1lisis y resultados<\/h3>\n<h1 class=\"lead\">Dr Voronoff Cellular Advantage<\/h1>\n              <\/div>\n           <\/div>\n                            \n<style>\n#text-box-467787018 {\n  width: 100%;\n}\n#text-box-467787018 .text-box-content {\n  font-size: 100%;\n}\n<\/style>\n    <\/div>\n \n        <\/div>\n      <\/div>\n\n            \n<style>\n#banner-1478981436 {\n  padding-top: 300px;\n  background-color: rgb(0,0,0);\n}\n#banner-1478981436 .overlay {\n  background-color: rgba(0,0,0,.5);\n}\n#banner-1478981436 .ux-shape-divider--bottom svg {\n  height: 80px;\n  --divider-width: 100%;\n}\n@media (min-width:550px) {\n  #banner-1478981436 {\n    padding-top: 270px;\n  }\n}\n<\/style>\n  <\/div>\n\n\n<div class=\"row row-large align-middle\"  id=\"row-1926001532\">\n\n\t<div id=\"col-1016304461\" class=\"col medium-6 small-12 large-6\"  >\n\t\t\t\t<div class=\"col-inner\"  >\n\t\t\t\n\t\t\t\n\t<div id=\"text-21626335\" class=\"text\">\n\t\t\n<p>Los componentes de <strong>Dr Voronoff Cellular Advantage (especialmente la Placenta)<\/strong>, <strong>son diferentes de cualquier otro tratamiento antiage<\/strong>. Las diferencias en el contenido y las aplicaciones son:<\/p>\n<p>&#8211; <strong>La acci\u00f3n sin\u00e9rgica de las c\u00e9lulas de la Placenta de vacas j\u00f3venes<\/strong>, con los \u00a0amino\u00e1cidos transportando y estimulando la hormona del crecimiento.<\/p>\n<p>&#8211; Las <strong>sustancias antienvejecimiento Coenzima Q10, amino\u00e1cidos, vitaminas y minerales<\/strong> producir\u00e1n un efecto revitalizador, refrescante y funcional casi de inmediato en el cuerpo.<\/p>\n<p>&#8211; Las <strong>c\u00e9lulas de Placenta combinadas con las c\u00e9lulas del propio cuerpo<\/strong>, mejorar\u00e1 r\u00e1pidamente la condici\u00f3n f\u00edsica de un individuo, de acuerdo a su edad.<\/p>\n<p>&#8211; El tratamiento antienvejecimiento Dr Voronoff Cellular Advantage restaurar\u00e1 la salud, vitalidad y energ\u00eda, y permitir\u00e1 una vida m\u00e1s larga con condiciones f\u00edsicas y mentales mucho mejores y un aspecto mucho m\u00e1s joven y fresco.<\/p>\n\t\t\n<style>\n#text-21626335 {\n  font-size: 1.2rem;\n}\n<\/style>\n\t<\/div>\n\t\n\t\t<\/div>\n\t\t\t\t\t<\/div>\n\n\t\n\n\t<div id=\"col-1943895383\" class=\"col medium-6 small-12 large-6\"  >\n\t\t\t\t<div class=\"col-inner\"  >\n\t\t\t\n\t\t\t\n\t<div class=\"img has-hover x md-x lg-x y md-y lg-y\" id=\"image_869240899\">\n\t\t\t\t\t\t\t\t<div class=\"img-inner dark\" >\n\t\t\t<img loading=\"lazy\" decoding=\"async\" width=\"1020\" height=\"765\" src=\"https:\/\/drvoronoff.com\/wp\/wp-content\/uploads\/2022\/09\/frasco-1067x800.jpg\" class=\"attachment-large size-large\" alt=\"\" srcset=\"https:\/\/drvoronoff.com\/wp\/wp-content\/uploads\/2022\/09\/frasco-1067x800.jpg 1067w, https:\/\/drvoronoff.com\/wp\/wp-content\/uploads\/2022\/09\/frasco-533x400.jpg 533w, https:\/\/drvoronoff.com\/wp\/wp-content\/uploads\/2022\/09\/frasco-768x576.jpg 768w, https:\/\/drvoronoff.com\/wp\/wp-content\/uploads\/2022\/09\/frasco-1536x1152.jpg 1536w, https:\/\/drvoronoff.com\/wp\/wp-content\/uploads\/2022\/09\/frasco-2048x1536.jpg 2048w, https:\/\/drvoronoff.com\/wp\/wp-content\/uploads\/2022\/09\/frasco-600x450.jpg 600w\" sizes=\"auto, (max-width: 1020px) 100vw, 1020px\" \/>\t\t\t\t\t\t\n\t\t\t\t\t<\/div>\n\t\t\t\t\t\t\t\t\n<style>\n#image_869240899 {\n  width: 100%;\n}\n<\/style>\n\t<\/div>\n\t\n\t\t<\/div>\n\t\t\t\t\t<\/div>\n\n\t\n<\/div>\n<div class=\"row row-large\"  id=\"row-801446985\">\n\n\t<div id=\"col-668064207\" class=\"col small-12 large-12\"  >\n\t\t\t\t<div class=\"col-inner\"  >\n\t\t\t\n\t\t\t\n\t<div id=\"text-2888994793\" class=\"text\">\n\t\t\n<p><strong>El tratamiento debe utilizarse al menos una vez al a\u00f1o.<\/strong><\/p>\n<p>Podemos decir con orgullo que aunque <strong>Dr Voronoff Cellular Advantage<\/strong> no llevar\u00e1 a la gente de regreso en el tiempo o transformar\u00e1 a una persona de 60 a\u00f1os de edad en una de 30, <strong>har\u00e1 m\u00e1s f\u00e1cil y posible para cualquiera lucir diez (10) o veinte (20) a\u00f1os m\u00e1s joven que su edad real o cronol\u00f3gica<\/strong>, manteniendo ese bienestar f\u00edsico, tanto interno como externo para el resto de su vida.<\/p>\n<p>Adem\u00e1s, la gente puede <strong>recuperar y luego mantener la vitalidad y la libido<\/strong> que pensaron perdidas para siempre.<\/p>\n<p>Muestra la historia que el promedio de vida de los seres humanos se ha ido extendiendo. En el siglo XIX las personas viv\u00edan entre 45 y 60 a\u00f1os.<\/p>\n<p>Durante el siglo XX la expectativa de vida aument\u00f3 y el promedio de vida era de 55 a 70 a\u00f1os.<\/p>\n<p><strong>Para el nuevo milenio y gracias a Dr Voronoff Cellular Advantage, esperamos un promedio de 80 y hasta 100 a\u00f1os de vida \u00fatil, activa y 100% l\u00facida, siempre con una apariencia f\u00edsica m\u00e1s joven.<\/strong><\/p>\n\t\t\n<style>\n#text-2888994793 {\n  font-size: 1.2rem;\n}\n<\/style>\n\t<\/div>\n\t\n\t\t<\/div>\n\t\t\t\t\t<\/div>\n\n\t\n<\/div>\n","protected":false},"excerpt":{"rendered":"","protected":false},"author":1,"featured_media":8,"parent":230,"menu_order":0,"comment_status":"closed","ping_status":"closed","template":"page-transparent-header-light.php","meta":{"footnotes":""},"class_list":["post-263","page","type-page","status-publish","has-post-thumbnail","hentry"],"_links":{"self":[{"href":"https:\/\/drvoronoff.com\/es_ar\/wp-json\/wp\/v2\/pages\/263","targetHints":{"allow":["GET"]}}],"collection":[{"href":"https:\/\/drvoronoff.com\/es_ar\/wp-json\/wp\/v2\/pages"}],"about":[{"href":"https:\/\/drvoronoff.com\/es_ar\/wp-json\/wp\/v2\/types\/page"}],"author":[{"embeddable":true,"href":"https:\/\/drvoronoff.com\/es_ar\/wp-json\/wp\/v2\/users\/1"}],"replies":[{"embeddable":true,"href":"https:\/\/drvoronoff.com\/es_ar\/wp-json\/wp\/v2\/comments?post=263"}],"version-history":[{"count":7,"href":"https:\/\/drvoronoff.com\/es_ar\/wp-json\/wp\/v2\/pages\/263\/revisions"}],"predecessor-version":[{"id":400,"href":"https:\/\/drvoronoff.com\/es_ar\/wp-json\/wp\/v2\/pages\/263\/revisions\/400"}],"up":[{"embeddable":true,"href":"https:\/\/drvoronoff.com\/es_ar\/wp-json\/wp\/v2\/pages\/230"}],"wp:featuredmedia":[{"embeddable":true,"href":"https:\/\/drvoronoff.com\/es_ar\/wp-json\/wp\/v2\/media\/8"}],"wp:attachment":[{"href":"https:\/\/drvoronoff.com\/es_ar\/wp-json\/wp\/v2\/media?parent=263"}],"curies":[{"name":"wp","href":"https:\/\/api.w.org\/{rel}","templated":true}]}}