{"id":267,"date":"2022-09-10T21:48:22","date_gmt":"2022-09-10T21:48:22","guid":{"rendered":"https:\/\/drvoronoff.com\/wp\/?page_id=267"},"modified":"2022-09-10T23:25:58","modified_gmt":"2022-09-10T23:25:58","slug":"que-es-exactamente-el-tratamiento-antienvejecimiento-dr-voronoff-cellular-advantage","status":"publish","type":"page","link":"https:\/\/drvoronoff.com\/es_ar\/terapia-oral-anti-envejecimiento\/que-es-exactamente-el-tratamiento-antienvejecimiento-dr-voronoff-cellular-advantage\/","title":{"rendered":"\u00bfQu\u00e9 es exactamente el tratamiento antienvejecimiento Dr Voronoff Cellular Advantage?"},"content":{"rendered":"\n  <div class=\"banner has-hover\" id=\"banner-218678653\">\n          <div class=\"banner-inner fill\">\n        <div class=\"banner-bg fill\" >\n                                    <div class=\"overlay\"><\/div>            \n                    <\/div>\n\t\t\n\t<div class=\"ux-shape-divider ux-shape-divider--bottom ux-shape-divider--style-waves-opacity-3\">\n\t\t<svg viewBox=\"0 0 1000 300\" xmlns=\"http:\/\/www.w3.org\/2000\/svg\" preserveAspectRatio=\"none\">\n\t<path class=\"ux-shape-fill\" opacity=\"0.05\" d=\"M1014 264V386H206L34 300C34 300 344.42 277.16 436 221C542 156 590 160 704 209C811 255 899.11 214.94 979 346L1014 264Z\"\/>\n\t<path class=\"ux-shape-fill\" opacity=\"0.1\" d=\"M-302 55C-302 55 -66.73 263.25 50 214C178 160 283 116 353 141C445.68 174.1 534.28 256.19 588 249C692.9 235 764.52 75.94 855 131C940.61 183.09 1000 254 1000 254V328L-306 338L-302 55Z\"\/>\n\t<path class=\"ux-shape-fill\" opacity=\"0.15\" d=\"M-286 255C-286 255 -72 152 52 126C176 100 255 155 436 227C581.57 284.91 614.7 277.79 708 227C787 184 1009 3.0001 1093 164C1146 265.63 1031 293 1031 293L924 377L-288 389L-286 255Z\"\/>\n\t<path class=\"ux-shape-fill\" opacity=\"0.3\" d=\"M-24 69C-24 69 275.68 370.66 389 314C397 310 622 316 673 356C690.47 369.7 845 224 890 182C944.8 130.85 1018 92 1078 143C1154.12 207.7 1196 242 1196 242L1184 374L-28 386L-24 69Z\"\/>\n\t<path class=\"ux-shape-fill\" d=\"M-12 201C-12 201 58 284 182 258C306 232 342.29 221.23 456 264C565 305 640.82 288.36 721 249C776 222 837.5 191.31 935 253C984 284 1030 279 1030 279L1024 430L-12 440V201Z\"\/>\n<\/svg>\n\t<\/div>\n        <div class=\"banner-layers container\">\n            <div class=\"fill banner-link\"><\/div>            \n   <div id=\"text-box-1296332711\" class=\"text-box banner-layer x50 md-x50 lg-x50 y80 md-y80 lg-y80 res-text\">\n                                <div class=\"text-box-content text dark\">\n              \n              <div class=\"text-inner text-center\">\n                  \n<h3>\u00bfQu\u00e9 es exactamente el tratamiento antienvejecimiento?<\/h3>\n<h1 class=\"lead\">Dr Voronoff Cellular Advantage<\/h1>\n              <\/div>\n           <\/div>\n                            \n<style>\n#text-box-1296332711 {\n  width: 100%;\n}\n#text-box-1296332711 .text-box-content {\n  font-size: 100%;\n}\n<\/style>\n    <\/div>\n \n        <\/div>\n      <\/div>\n\n            \n<style>\n#banner-218678653 {\n  padding-top: 300px;\n  background-color: rgb(0,0,0);\n}\n#banner-218678653 .overlay {\n  background-color: rgba(0,0,0,.5);\n}\n#banner-218678653 .ux-shape-divider--bottom svg {\n  height: 80px;\n  --divider-width: 100%;\n}\n<\/style>\n  <\/div>\n\n\n<div class=\"row row-large align-middle\"  id=\"row-1489084079\">\n\n\t<div id=\"col-593440994\" class=\"col medium-6 small-12 large-6\"  >\n\t\t\t\t<div class=\"col-inner\"  >\n\t\t\t\n\t\t\t\n\t<div id=\"text-1012676653\" class=\"text\">\n\t\t\n<p><strong>En t\u00e9rminos simples, es una mezcla de ingredientes activos que contiene cientos de millones de c\u00e9lulas.<\/strong><\/p>\n<p>Un estimado de 50 millones de c\u00e9lulas muere dentro de nuestro cuerpo cada segundo y es reemplazado por un n\u00famero similar de c\u00e9lulas.<\/p>\n<p>Sin embargo, cuando estamos enfermos o nos volvemos prematuramente viejos, tanto la calidad como el n\u00famero de dichas c\u00e9lulas de reemplazo disminuye: las c\u00e9lulas frescas reemplazando a las c\u00e9lulas muertas no son tan buenas y eficientes como sol\u00edan ser.<\/p>\n\t\t\n<style>\n#text-1012676653 {\n  font-size: 1.2rem;\n}\n<\/style>\n\t<\/div>\n\t\n\t\t<\/div>\n\t\t\t\t\t<\/div>\n\n\t\n\n\t<div id=\"col-1541616775\" class=\"col medium-6 small-12 large-6\"  >\n\t\t\t\t<div class=\"col-inner\"  >\n\t\t\t\n\t\t\t\n\t<div class=\"img has-hover x md-x lg-x y md-y lg-y\" id=\"image_510629941\">\n\t\t\t\t\t\t\t\t<div class=\"img-inner dark\" >\n\t\t\t<img loading=\"lazy\" decoding=\"async\" width=\"1020\" height=\"765\" src=\"https:\/\/drvoronoff.com\/wp\/wp-content\/uploads\/2022\/09\/dr_voronoff_caja_abierta-1067x800.jpg\" class=\"attachment-large size-large\" alt=\"\" srcset=\"https:\/\/drvoronoff.com\/wp\/wp-content\/uploads\/2022\/09\/dr_voronoff_caja_abierta-1067x800.jpg 1067w, https:\/\/drvoronoff.com\/wp\/wp-content\/uploads\/2022\/09\/dr_voronoff_caja_abierta-533x400.jpg 533w, https:\/\/drvoronoff.com\/wp\/wp-content\/uploads\/2022\/09\/dr_voronoff_caja_abierta-768x576.jpg 768w, https:\/\/drvoronoff.com\/wp\/wp-content\/uploads\/2022\/09\/dr_voronoff_caja_abierta-1536x1152.jpg 1536w, https:\/\/drvoronoff.com\/wp\/wp-content\/uploads\/2022\/09\/dr_voronoff_caja_abierta-2048x1536.jpg 2048w, https:\/\/drvoronoff.com\/wp\/wp-content\/uploads\/2022\/09\/dr_voronoff_caja_abierta-600x450.jpg 600w\" sizes=\"auto, (max-width: 1020px) 100vw, 1020px\" \/>\t\t\t\t\t\t\n\t\t\t\t\t<\/div>\n\t\t\t\t\t\t\t\t\n<style>\n#image_510629941 {\n  width: 100%;\n}\n<\/style>\n\t<\/div>\n\t\n\t\t<\/div>\n\t\t\t\t\t<\/div>\n\n\t\n<\/div>\n<div class=\"row row-large\"  id=\"row-247045291\">\n\n\t<div id=\"col-228903698\" class=\"col small-12 large-12\"  >\n\t\t\t\t<div class=\"col-inner\"  >\n\t\t\t\n\t\t\t\n\t<div id=\"text-701034969\" class=\"text\">\n\t\t\n<p>En la industria del autom\u00f3vil, millones de piezas id\u00e9nticas son fabricadas a partir de plantillas o moldes cada d\u00eda. \u00bfQu\u00e9 pasa si uno de estos moldes tiene una peque\u00f1a abolladura o defecto? Las piezas saldr\u00e1n defectuosas.<\/p>\n<p>Lo mismo ocurre con el cuerpo humano. Cuando un \u00f3rgano \u2013piel, h\u00edgado, coraz\u00f3n, columna vertebral, por ejemplo- es herido o da\u00f1ado por toxinas, infecciones, enfermedades, nicotina o alcohol, las c\u00e9lulas no saldr\u00e1n iguales, \u00a0no ser\u00e1n lo que sol\u00edan ser.<\/p>\n<p><strong>Aqu\u00ed est\u00e1 lo que Dr. Voronoff Cellular Advantage logra \u2013darle a los \u00f3rganos y tejidos da\u00f1ados un nuevo molde celular desde el cual ellos trabajar\u00e1n y producir\u00e1n las nuevas c\u00e9lulas correspondientes. \u00a0<\/strong><\/p>\n\t\t\n<style>\n#text-701034969 {\n  font-size: 1.2rem;\n}\n<\/style>\n\t<\/div>\n\t\n\t\t<\/div>\n\t\t\t\t\t<\/div>\n\n\t\n<\/div>\n","protected":false},"excerpt":{"rendered":"","protected":false},"author":1,"featured_media":8,"parent":230,"menu_order":0,"comment_status":"closed","ping_status":"closed","template":"page-transparent-header-light.php","meta":{"footnotes":""},"class_list":["post-267","page","type-page","status-publish","has-post-thumbnail","hentry"],"_links":{"self":[{"href":"https:\/\/drvoronoff.com\/es_ar\/wp-json\/wp\/v2\/pages\/267","targetHints":{"allow":["GET"]}}],"collection":[{"href":"https:\/\/drvoronoff.com\/es_ar\/wp-json\/wp\/v2\/pages"}],"about":[{"href":"https:\/\/drvoronoff.com\/es_ar\/wp-json\/wp\/v2\/types\/page"}],"author":[{"embeddable":true,"href":"https:\/\/drvoronoff.com\/es_ar\/wp-json\/wp\/v2\/users\/1"}],"replies":[{"embeddable":true,"href":"https:\/\/drvoronoff.com\/es_ar\/wp-json\/wp\/v2\/comments?post=267"}],"version-history":[{"count":6,"href":"https:\/\/drvoronoff.com\/es_ar\/wp-json\/wp\/v2\/pages\/267\/revisions"}],"predecessor-version":[{"id":310,"href":"https:\/\/drvoronoff.com\/es_ar\/wp-json\/wp\/v2\/pages\/267\/revisions\/310"}],"up":[{"embeddable":true,"href":"https:\/\/drvoronoff.com\/es_ar\/wp-json\/wp\/v2\/pages\/230"}],"wp:featuredmedia":[{"embeddable":true,"href":"https:\/\/drvoronoff.com\/es_ar\/wp-json\/wp\/v2\/media\/8"}],"wp:attachment":[{"href":"https:\/\/drvoronoff.com\/es_ar\/wp-json\/wp\/v2\/media?parent=267"}],"curies":[{"name":"wp","href":"https:\/\/api.w.org\/{rel}","templated":true}]}}