{"id":270,"date":"2022-09-10T21:50:17","date_gmt":"2022-09-10T21:50:17","guid":{"rendered":"https:\/\/drvoronoff.com\/wp\/?page_id=270"},"modified":"2022-09-10T22:30:37","modified_gmt":"2022-09-10T22:30:37","slug":"efectos-fundamentales","status":"publish","type":"page","link":"https:\/\/drvoronoff.com\/es_ar\/terapia-oral-anti-envejecimiento\/efectos-fundamentales\/","title":{"rendered":"Efectos Fundamentales"},"content":{"rendered":"\n  <div class=\"banner has-hover\" id=\"banner-1933030942\">\n          <div class=\"banner-inner fill\">\n        <div class=\"banner-bg fill\" >\n                                    <div class=\"overlay\"><\/div>            \n                    <\/div>\n\t\t\n        <div class=\"banner-layers container\">\n            <div class=\"fill banner-link\"><\/div>            \n   <div id=\"text-box-991442450\" class=\"text-box banner-layer x50 md-x50 lg-x50 y80 md-y80 lg-y80 res-text\">\n                                <div class=\"text-box-content text dark\">\n              \n              <div class=\"text-inner text-center\">\n                  \n<h3>Efectos Fundamentales<\/h3>\n<h1 class=\"lead\">Dr Voronoff Cellular Advantage<\/h1>\n              <\/div>\n           <\/div>\n                            \n<style>\n#text-box-991442450 {\n  width: 100%;\n}\n#text-box-991442450 .text-box-content {\n  font-size: 100%;\n}\n<\/style>\n    <\/div>\n \n        <\/div>\n      <\/div>\n\n            \n<style>\n#banner-1933030942 {\n  padding-top: 270px;\n  background-color: rgb(0,0,0);\n}\n#banner-1933030942 .overlay {\n  background-color: rgba(0,0,0,.5);\n}\n<\/style>\n  <\/div>\n\n\n<div class=\"row row-large align-middle\"  id=\"row-331942575\">\n\n\t<div id=\"col-1859741783\" class=\"col medium-6 small-12 large-6\"  >\n\t\t\t\t<div class=\"col-inner\"  >\n\t\t\t\n\t\t\t\n\t<div id=\"text-2144766958\" class=\"text\">\n\t\t\n<p><strong>\u00bfPor qu\u00e9 no damos un vistazo a los efectos fundamentales de Dr Voronoff Cellular Advantage?<\/strong><\/p>\n<p><strong>Revitalizaci\u00f3n o regeneraci\u00f3n general<\/strong> -un sue\u00f1o hecho realidad despu\u00e9s de a\u00f1os de investigaciones y ensayos cl\u00ednicos- a trav\u00e9s de la ingesti\u00f3n de c\u00e9lulas del tejido de la Placenta combinadas con proporciones exactas de nutrientes espec\u00edficos.<\/p>\n<p>Gracias a una <strong>precisa combinaci\u00f3n de amino\u00e1cidos, Dr. Voronoff Cellular Advantage retrasa el envejecimiento de los procesos mentales, mejorando el &#8220;combustible del cerebro&#8221;.<\/strong><\/p>\n<p>Por todas estas razones,<strong> Dr. Voronoff Cellular Advantage<\/strong> significa una gran influencia en el metabolismo celular.<\/p>\n\t\t\n<style>\n#text-2144766958 {\n  font-size: 1.2rem;\n}\n<\/style>\n\t<\/div>\n\t\n\t\t<\/div>\n\t\t\t\t\t<\/div>\n\n\t\n\n\t<div id=\"col-629228381\" class=\"col medium-6 small-12 large-6\"  >\n\t\t\t\t<div class=\"col-inner\"  >\n\t\t\t\n\t\t\t\n\t<div class=\"img has-hover x md-x lg-x y md-y lg-y\" id=\"image_1364374670\">\n\t\t\t\t\t\t\t\t<div class=\"img-inner dark\" >\n\t\t\t<img loading=\"lazy\" decoding=\"async\" width=\"1020\" height=\"795\" src=\"https:\/\/drvoronoff.com\/wp\/wp-content\/uploads\/2022\/09\/converted_dreamstime_xxl_44685433-1-1027x800.jpg\" class=\"attachment-large size-large\" alt=\"\" srcset=\"https:\/\/drvoronoff.com\/wp\/wp-content\/uploads\/2022\/09\/converted_dreamstime_xxl_44685433-1-1027x800.jpg 1027w, https:\/\/drvoronoff.com\/wp\/wp-content\/uploads\/2022\/09\/converted_dreamstime_xxl_44685433-1-513x400.jpg 513w, https:\/\/drvoronoff.com\/wp\/wp-content\/uploads\/2022\/09\/converted_dreamstime_xxl_44685433-1-768x598.jpg 768w, https:\/\/drvoronoff.com\/wp\/wp-content\/uploads\/2022\/09\/converted_dreamstime_xxl_44685433-1-1536x1197.jpg 1536w, https:\/\/drvoronoff.com\/wp\/wp-content\/uploads\/2022\/09\/converted_dreamstime_xxl_44685433-1-600x467.jpg 600w, https:\/\/drvoronoff.com\/wp\/wp-content\/uploads\/2022\/09\/converted_dreamstime_xxl_44685433-1.jpg 2000w\" sizes=\"auto, (max-width: 1020px) 100vw, 1020px\" \/>\t\t\t\t\t\t\n\t\t\t\t\t<\/div>\n\t\t\t\t\t\t\t\t\n<style>\n#image_1364374670 {\n  width: 100%;\n}\n<\/style>\n\t<\/div>\n\t\n\t\t<\/div>\n\t\t\t\t\t<\/div>\n\n\t\n<\/div>\n<div class=\"row\"  id=\"row-1125846122\">\n\n\t<div id=\"col-72871463\" class=\"col small-12 large-12\"  >\n\t\t\t\t<div class=\"col-inner\"  >\n\t\t\t\n\t\t\t\n\t<div id=\"text-262109576\" class=\"text\">\n\t\t\n<p>Un tratamiento a base de<strong> Dr Voronoff Cellular Advantage<\/strong>, nuestro tratamiento antienvejecimiento, <strong>garantiza en un 85% el mejoramiento de la salud para las personas de mediana edad<\/strong>, cambios que ser\u00e1n evidentes en su condici\u00f3n f\u00edsica, mental y org\u00e1nica.<\/p>\n<p><strong>Dr. Voronoff Cellular Advantage<\/strong> mejorar\u00e1 la condici\u00f3n f\u00edsica de personas adultas en al menos un 70% y se har\u00e1n notables importantes cambios: tono de la piel, crecimiento capilar, u\u00f1as menos porosas, aumento del tono muscular (sin ejercicios), regeneraci\u00f3n de la densidad \u00f3sea (para la prevenci\u00f3n de la osteoporosis), estimulaci\u00f3n del sistema inmunol\u00f3gico (para la prevenci\u00f3n de enfermedades), favorecimiento de la disminuci\u00f3n de exceso de grasa (colesterol y triglic\u00e9ridos), y mejor absorci\u00f3n de nutrientes.<\/p>\n<p><strong>Dr. Voronoff Cellular Advantage es el pionero en este m\u00e9todo original de enfocar el rejuvenecimiento del cuerpo.<\/strong><\/p>\n<p>Con una f\u00f3rmula exclusiva, nuestro producto ayuda al cuerpo a retornar a un estado saludable de adultos j\u00f3venes.<\/p>\n<p><strong>Dr. Voronoff Cellular Advantage<\/strong> desacelera el ritmo normal de envejecimiento de las c\u00e9lulas de todo el cuerpo, retrasando el proceso normal de envejecimiento y renovando m\u00e1s eficientemente las c\u00e9lulas de todos los \u00f3rganos, lo cual da por resultado un rejuvenecimiento celular integral.<\/p>\n<p><strong>Dr. Voronoff Cellular Advantage hace que las c\u00e9lulas provenientes de la Placenta act\u00faen sobre los \u00f3rganos necesarios una vez que est\u00e1n en el cuerpo del receptor.<\/strong><\/p>\n\t\t\n<style>\n#text-262109576 {\n  font-size: 1.2rem;\n}\n<\/style>\n\t<\/div>\n\t\n\t\t<\/div>\n\t\t\t\t\t<\/div>\n\n\t\n<\/div>\n","protected":false},"excerpt":{"rendered":"","protected":false},"author":1,"featured_media":8,"parent":230,"menu_order":0,"comment_status":"closed","ping_status":"closed","template":"page-transparent-header-light.php","meta":{"footnotes":""},"class_list":["post-270","page","type-page","status-publish","has-post-thumbnail","hentry"],"_links":{"self":[{"href":"https:\/\/drvoronoff.com\/es_ar\/wp-json\/wp\/v2\/pages\/270","targetHints":{"allow":["GET"]}}],"collection":[{"href":"https:\/\/drvoronoff.com\/es_ar\/wp-json\/wp\/v2\/pages"}],"about":[{"href":"https:\/\/drvoronoff.com\/es_ar\/wp-json\/wp\/v2\/types\/page"}],"author":[{"embeddable":true,"href":"https:\/\/drvoronoff.com\/es_ar\/wp-json\/wp\/v2\/users\/1"}],"replies":[{"embeddable":true,"href":"https:\/\/drvoronoff.com\/es_ar\/wp-json\/wp\/v2\/comments?post=270"}],"version-history":[{"count":2,"href":"https:\/\/drvoronoff.com\/es_ar\/wp-json\/wp\/v2\/pages\/270\/revisions"}],"predecessor-version":[{"id":272,"href":"https:\/\/drvoronoff.com\/es_ar\/wp-json\/wp\/v2\/pages\/270\/revisions\/272"}],"up":[{"embeddable":true,"href":"https:\/\/drvoronoff.com\/es_ar\/wp-json\/wp\/v2\/pages\/230"}],"wp:featuredmedia":[{"embeddable":true,"href":"https:\/\/drvoronoff.com\/es_ar\/wp-json\/wp\/v2\/media\/8"}],"wp:attachment":[{"href":"https:\/\/drvoronoff.com\/es_ar\/wp-json\/wp\/v2\/media?parent=270"}],"curies":[{"name":"wp","href":"https:\/\/api.w.org\/{rel}","templated":true}]}}