{"id":277,"date":"2022-09-10T22:19:38","date_gmt":"2022-09-10T22:19:38","guid":{"rendered":"https:\/\/drvoronoff.com\/wp\/?page_id=277"},"modified":"2022-09-20T22:14:13","modified_gmt":"2022-09-20T22:14:13","slug":"base-del-tratamiento","status":"publish","type":"page","link":"https:\/\/drvoronoff.com\/es_ar\/base-del-tratamiento\/","title":{"rendered":"Base del Tratamiento"},"content":{"rendered":"\n  <div class=\"banner has-hover\" id=\"banner-1563797120\">\n          <div class=\"banner-inner fill\">\n        <div class=\"banner-bg fill\" >\n                                    <div class=\"overlay\"><\/div>            \n                    <\/div>\n\t\t\n        <div class=\"banner-layers container\">\n            <div class=\"fill banner-link\"><\/div>            \n   <div id=\"text-box-2085496469\" class=\"text-box banner-layer x50 md-x50 lg-x50 y80 md-y80 lg-y80 res-text\">\n                                <div class=\"text-box-content text dark\">\n              \n              <div class=\"text-inner text-center\">\n                  \n<h3>Ingredientes Principales<\/h3>\n<h1 class=\"lead\">Dr Voronoff Cellular Advantage<\/h1>\n              <\/div>\n           <\/div>\n                            \n<style>\n#text-box-2085496469 {\n  width: 100%;\n}\n#text-box-2085496469 .text-box-content {\n  font-size: 100%;\n}\n<\/style>\n    <\/div>\n \n        <\/div>\n      <\/div>\n\n            \n<style>\n#banner-1563797120 {\n  padding-top: 270px;\n  background-color: rgb(0,0,0);\n}\n#banner-1563797120 .overlay {\n  background-color: rgba(0,0,0,.5);\n}\n<\/style>\n  <\/div>\n\n\n<div class=\"row row-large align-middle\"  id=\"row-586296364\">\n\n\t<div id=\"col-1948231740\" class=\"col medium-6 small-12 large-6\"  >\n\t\t\t\t<div class=\"col-inner\"  >\n\t\t\t\n\t\t\t\n<div class=\"container section-title-container\" ><h3 class=\"section-title section-title-normal\"><b><\/b><span class=\"section-title-main\" >Ingredientes principales<\/span><b><\/b><\/h3><\/div>\n\t<div id=\"text-68931433\" class=\"text\">\n\t\t\n<p><strong>Placenta<\/strong><\/p>\n<p>Nuestro m\u00e9todo de obtenci\u00f3n y producci\u00f3n de Placenta es \u00fanico en el mundo, y somos el \u00fanico laboratorio con la capacidad para producir este extracto de Placenta de alto valor biol\u00f3gico. Hay otros extractos de Placenta pero producidos en muy diferentes condiciones de higiene y asepsia, y con un valor biol\u00f3gico muy diferente para el cuerpo humano debido fundamentalmente a la nutrici\u00f3n suministrada a las vacas donantes durante toda su vida, y al largo proceso de espera sufrido por la Placenta una vez que es extra\u00edda del animal, lo cual produce una p\u00e9rdida importante de los nutrientes esenciales necesarios para dar los resultados esperados.<\/p>\n<p>Nuestros procedimientos son \u00fanicos y es el m\u00e9todo de extracci\u00f3n m\u00e1s complejo y costoso que se haya utilizado para la obtenci\u00f3n de \u00f3rganos animales en el mundo.<\/p>\n\t\t\n<style>\n#text-68931433 {\n  font-size: 1.2rem;\n}\n<\/style>\n\t<\/div>\n\t\n\t\t<\/div>\n\t\t\t\t\t<\/div>\n\n\t\n\n\t<div id=\"col-483296011\" class=\"col medium-6 small-12 large-6\"  >\n\t\t\t\t<div class=\"col-inner\"  >\n\t\t\t\n\t\t\t\n\t<div class=\"img has-hover x md-x lg-x y md-y lg-y\" id=\"image_1766835226\">\n\t\t\t\t\t\t\t\t<div class=\"img-inner dark\" >\n\t\t\t<img loading=\"lazy\" decoding=\"async\" width=\"1000\" height=\"800\" src=\"https:\/\/drvoronoff.com\/wp\/wp-content\/uploads\/2022\/09\/dreamstimefree_6336133-1000x800.jpg\" class=\"attachment-large size-large\" alt=\"\" srcset=\"https:\/\/drvoronoff.com\/wp\/wp-content\/uploads\/2022\/09\/dreamstimefree_6336133-1000x800.jpg 1000w, https:\/\/drvoronoff.com\/wp\/wp-content\/uploads\/2022\/09\/dreamstimefree_6336133-500x400.jpg 500w, https:\/\/drvoronoff.com\/wp\/wp-content\/uploads\/2022\/09\/dreamstimefree_6336133-768x614.jpg 768w, https:\/\/drvoronoff.com\/wp\/wp-content\/uploads\/2022\/09\/dreamstimefree_6336133-1536x1229.jpg 1536w, https:\/\/drvoronoff.com\/wp\/wp-content\/uploads\/2022\/09\/dreamstimefree_6336133-2048x1638.jpg 2048w, https:\/\/drvoronoff.com\/wp\/wp-content\/uploads\/2022\/09\/dreamstimefree_6336133-600x480.jpg 600w\" sizes=\"auto, (max-width: 1000px) 100vw, 1000px\" \/>\t\t\t\t\t\t\n\t\t\t\t\t<\/div>\n\t\t\t\t\t\t\t\t\n<style>\n#image_1766835226 {\n  width: 100%;\n}\n<\/style>\n\t<\/div>\n\t\n\t\t<\/div>\n\t\t\t\t\t<\/div>\n\n\t\n<\/div>\n<div class=\"row\"  id=\"row-1936645742\">\n\n\t<div id=\"col-1642568672\" class=\"col small-12 large-12\"  >\n\t\t\t\t<div class=\"col-inner\"  >\n\t\t\t\n\t\t\t\n\t<div id=\"text-2621328503\" class=\"text\">\n\t\t\n<p>Utilizamos vacas como animales donantes. Las vacas son alimentadas desde su nacimiento con dietas especiales enriquecidas con nutrientes esenciales que favorecen su sistema inmunitario, su salud y bienestar general, su desarrollo \u00f3seo y muscular, etc. Dichas vacas una vez seleccionadas y embarazadas son alimentadas con una dieta especial para asegurar la adecuada provisi\u00f3n de nutrientes a su cr\u00eda, la cual contiene una combinaci\u00f3n balanceada enriquecida con prote\u00ednas, amino\u00e1cidos, vitaminas y minerales.<\/p>\n<p>Un n\u00famero de registro y de historia cl\u00ednica de cada animal es estampada en su oreja. Los veterinarios comprueban todos estos registros y controlan a todos los animales cada seis semanas (extraen muestras de sangre, orina y excrementos).<\/p>\n<p>Normalmente el embarazo en las vacas dura nueve meses. A los ocho meses y medio, colocamos a los animales en una sala de cuarentena junto al laboratorio donde pasar\u00e1n el resto del tiempo de embarazo en condiciones est\u00e9riles absolutas. Mientras tanto se llevan a cabo tests bacteriol\u00f3gicos, serol\u00f3gicos y\u00a0 ensayos cl\u00ednicos para eliminar la posibilidad de cualquier enfermedad.<\/p>\n<p>Cuando llega el momento de dar a luz a las cr\u00edas, los animales reciben un ba\u00f1o con una soluci\u00f3n esteril destinada a matar los g\u00e9rmenes presentes en la piel. Finalmente el animal es cubierto con una manta esterilizada y luego rasurado, su abdomen desinfectado antes de la ces\u00e1rea, y luego la Placenta y el becerro reci\u00e9n nacido son extra\u00eddos. Ox\u00edgeno y alimentos est\u00e1n disponibles para ellos durante veinte minutos m\u00e1s.<\/p>\n<p>La Placenta se pasa por una escotilla a un compartimiento interno, el cual est\u00e1\u00a0 esterilizado, completamente libre de g\u00e9rmenes, herm\u00e9tico y presurizado para que el aire pueda salir (nunca entrar). Todo permanece dentro de la sala de operaciones. El cirujano y sus ayudantes trabajan a trav\u00e9s de agujeros con forma de guante. De esta manera se aseguran de que s\u00f3lo sus manos &#8211; cubiertas con guantes de latex esterilizados &#8211; tocar\u00e1n la Placenta.<\/p>\n<p>Trabajan r\u00e1pidamente, cortan el tejido en dados e inmediatamente lo colocan en una soluci\u00f3n de suspensi\u00f3n.<\/p>\n<p>A continuaci\u00f3n llevan los fragmentos a una c\u00e1mara de fr\u00edo adyacente a \u201385\u00ba C. A esta temperatura, ning\u00fan cambio qu\u00edmico o enzim\u00e1tico se llevar\u00e1 a cabo. El tejido es llevado luego a una sala de hidrolizaci\u00f3n por varias horas. La sustancia resultante es luego desecada en fr\u00edo por medio de una compleja t\u00e9cnica de secado-spray (sray dried) y almacenada en compartimientos de temperatura controlada.<\/p>\n\t\t\n<style>\n#text-2621328503 {\n  font-size: 1.2rem;\n}\n<\/style>\n\t<\/div>\n\t\n\t\t<\/div>\n\t\t\t\t\t<\/div>\n\n\t\n<\/div>\n<div class=\"row row-large align-middle\"  id=\"row-957064961\">\n\n\t<div id=\"col-67644352\" class=\"col medium-6 small-12 large-6\"  >\n\t\t\t\t<div class=\"col-inner\"  >\n\t\t\t\n\t\t\t\n\t<div class=\"img has-hover x md-x lg-x y md-y lg-y\" id=\"image_810726613\">\n\t\t\t\t\t\t\t\t<div class=\"img-inner dark\" >\n\t\t\t<img loading=\"lazy\" decoding=\"async\" width=\"606\" height=\"800\" src=\"https:\/\/drvoronoff.com\/wp\/wp-content\/uploads\/2022\/09\/converted_dreamstime_22005401-606x800.jpg\" class=\"attachment-large size-large\" alt=\"\" srcset=\"https:\/\/drvoronoff.com\/wp\/wp-content\/uploads\/2022\/09\/converted_dreamstime_22005401-606x800.jpg 606w, https:\/\/drvoronoff.com\/wp\/wp-content\/uploads\/2022\/09\/converted_dreamstime_22005401-303x400.jpg 303w, https:\/\/drvoronoff.com\/wp\/wp-content\/uploads\/2022\/09\/converted_dreamstime_22005401-768x1014.jpg 768w, https:\/\/drvoronoff.com\/wp\/wp-content\/uploads\/2022\/09\/converted_dreamstime_22005401-1164x1536.jpg 1164w, https:\/\/drvoronoff.com\/wp\/wp-content\/uploads\/2022\/09\/converted_dreamstime_22005401-600x792.jpg 600w, https:\/\/drvoronoff.com\/wp\/wp-content\/uploads\/2022\/09\/converted_dreamstime_22005401.jpg 1515w\" sizes=\"auto, (max-width: 606px) 100vw, 606px\" \/>\t\t\t\t\t\t\n\t\t\t\t\t<\/div>\n\t\t\t\t\t\t\t\t\n<style>\n#image_810726613 {\n  width: 100%;\n}\n<\/style>\n\t<\/div>\n\t\n\t\t<\/div>\n\t\t\t\t\t<\/div>\n\n\t\n\n\t<div id=\"col-654219470\" class=\"col medium-6 small-12 large-6\"  >\n\t\t\t\t<div class=\"col-inner\"  >\n\t\t\t\n\t\t\t\n\t<div id=\"text-3381332214\" class=\"text\">\n\t\t\n<p><strong>Respaldo<\/strong><\/p>\n<p>Burger y Heyden descubrieron que la concentraci\u00f3n de sustancias biol\u00f3gicas comienza a disminuir en los seres humanos a la edad de cuarenta a\u00f1os.<\/p>\n<p>Una menor concentraci\u00f3n de estas sustancias evidentemente tendr\u00e1 un impacto en la s\u00edntesis de prote\u00ednas, lo cual a su vez producir\u00e1 una menor eficiencia de todo el sistema.<\/p>\n<p>Para comprender los efectos provocados a trav\u00e9s de la introducci\u00f3n de sustancias con contenido celular (en este caso Placenta), podemos resumirlo diciendo que ese material es la base de la vida. Como Pauli escribi\u00f3 en 1960, &#8220;la vida no viene de una mol\u00e9cula, la vida proviene de la relaci\u00f3n entre las mol\u00e9culas&#8221;.<\/p>\n<p>\u00a0<\/p>\n\t\t\n<style>\n#text-3381332214 {\n  font-size: 1.2rem;\n}\n<\/style>\n\t<\/div>\n\t\n\t\t<\/div>\n\t\t\t\t\t<\/div>\n\n\t\n<\/div>\n<div class=\"row\"  id=\"row-595407958\">\n\n\t<div id=\"col-1533099100\" class=\"col small-12 large-12\"  >\n\t\t\t\t<div class=\"col-inner\"  >\n\t\t\t\n\t\t\t\n\t<div id=\"text-3533475609\" class=\"text\">\n\t\t\n<p>Bold inform\u00f3 que los extractos celulares aplicados entre especies diferentes funcionan como inductores. Los \u00f3rganos inducidos mantuvieron sus caracter\u00edsticas \u2013forma y tama\u00f1o \u2013 ya que el inductor actu\u00f3 s\u00f3lo como un est\u00edmulo para promover el mecanismo y activar un nuevo potencial en el destinatario.<\/p>\n<p>Los extractos celulares vivos no son los \u00fanicos con propiedades de inducci\u00f3n, incluso tejidos muertos y extractos de ellos tienen tales propiedades. Esto revela la importancia de los inductores de tipo qu\u00edmico: no es importante si el extracto celular proviene de una c\u00e9lula viva o de una c\u00e9lula muerta. En ambos casos puede ser utilizado como un inductor.<\/p>\n<p>Para entender correctamente la eficacia de los efectos de la introducci\u00f3n al organismo de extractos celulares, necesitamos familiarizarnos con la prote\u00edna celular participante (directa o indirectamente) en cada mecanismo de una c\u00e9lula viva. Estas sustancias empiezan a trabajar en la matriz fundamental del citoplasma. Dependiendo de su categor\u00eda, las c\u00e9lulas tienen prote\u00ednas estructurales muy especiales que no pueden obtenerse a trav\u00e9s de s\u00edntesis. Estas prote\u00ednas ayudan a construir la estructura celular y est\u00e1n incluidas, sin excepci\u00f3n, en cada c\u00e9lula.<\/p>\n<p>Las prote\u00ednas son responsables de funciones invaluables durante la vida y la reproducci\u00f3n de las c\u00e9lulas.<\/p>\n<p>Hay prote\u00ednas extra\u00edbles tan espec\u00edficas que s\u00f3lo pueden encontrarse en un determinado tipo de c\u00e9lula.<\/p>\n<p>Estas prote\u00ednas transmiten propiedades de las que el receptor carece (por ejemplo, las prote\u00ednas de la Placenta son capaces de transferir propiedades espec\u00edficas a una c\u00e9lula humana envejecida, lo cual significa, que son capaces de inducir y\/o transformar el contenido qu\u00edmico de una c\u00e9lula de un receptor de 80 a\u00f1os de edad, en el de uno m\u00e1s joven). Este efecto depende de la calidad y el dise\u00f1o de la matriz de los amino\u00e1cidos implicados.<\/p>\n<p>Por lo tanto, la secuencia de amino\u00e1cidos de por ejemplo la insulina, ser\u00e1 completamente diferente a la del col\u00e1geno, aunque ambas son hechas de amino\u00e1cidos similares.<\/p>\n<p>Estos elementos extra\u00edbles desempe\u00f1an un papel importante en el curso de la vida y la prevenci\u00f3n del envejecimiento celular, dado que la reposici\u00f3n de sustancias perdidas es su atributo m\u00e1s importante.<\/p>\n<p>Por esta raz\u00f3n el elemento m\u00e1s esencial en Dr Voronoff Cellular Advantage no es la c\u00e9lula intacta o viva, sino el contenido biol\u00f3gico, especialmente el contenido de tipo proteico reutilizable que posee la Placenta contenida en nuestro producto.<\/p>\n<p>Los organismos \u2013animales, plantas, microbios- son capaces de vivir gracias a un flujo continuo de mol\u00e9culas, part\u00edculas qu\u00edmicas regenerativas. Estas sustancias pueden obtenerse a trav\u00e9s de extracci\u00f3n, y una vez implantadas o introducidas en un receptor, se intercalar\u00e1n en el proceso regenerativo celular<\/p>\n<p>para el que normalmente trabajan, y formar\u00e1n parte de ellos como si hubieran sido creadas en el receptor desde el comienzo. Las sustancias se har\u00e1n similares a los cuerpos qu\u00edmicos que conoc\u00edan previamente en el animal, un proceso llamado &#8220;asimilaci\u00f3n&#8221;.<\/p>\n<p>Al principio, el receptor asumir\u00e1 que una sustancia extra\u00f1a ha entrado en el cuerpo (el extracto org\u00e1nico), y luego va a aceptar las nuevas c\u00e9lulas bas\u00e1ndose en su composici\u00f3n qu\u00edmica, similar a la del propio cuerpo.<\/p>\n\t\t\n<style>\n#text-3533475609 {\n  font-size: 1.2rem;\n}\n<\/style>\n\t<\/div>\n\t\n\t\t<\/div>\n\t\t\t\t\t<\/div>\n\n\t\n<\/div>\n","protected":false},"excerpt":{"rendered":"","protected":false},"author":1,"featured_media":8,"parent":0,"menu_order":0,"comment_status":"closed","ping_status":"closed","template":"page-transparent-header-light.php","meta":{"footnotes":""},"class_list":["post-277","page","type-page","status-publish","has-post-thumbnail","hentry"],"_links":{"self":[{"href":"https:\/\/drvoronoff.com\/es_ar\/wp-json\/wp\/v2\/pages\/277","targetHints":{"allow":["GET"]}}],"collection":[{"href":"https:\/\/drvoronoff.com\/es_ar\/wp-json\/wp\/v2\/pages"}],"about":[{"href":"https:\/\/drvoronoff.com\/es_ar\/wp-json\/wp\/v2\/types\/page"}],"author":[{"embeddable":true,"href":"https:\/\/drvoronoff.com\/es_ar\/wp-json\/wp\/v2\/users\/1"}],"replies":[{"embeddable":true,"href":"https:\/\/drvoronoff.com\/es_ar\/wp-json\/wp\/v2\/comments?post=277"}],"version-history":[{"count":3,"href":"https:\/\/drvoronoff.com\/es_ar\/wp-json\/wp\/v2\/pages\/277\/revisions"}],"predecessor-version":[{"id":380,"href":"https:\/\/drvoronoff.com\/es_ar\/wp-json\/wp\/v2\/pages\/277\/revisions\/380"}],"wp:featuredmedia":[{"embeddable":true,"href":"https:\/\/drvoronoff.com\/es_ar\/wp-json\/wp\/v2\/media\/8"}],"wp:attachment":[{"href":"https:\/\/drvoronoff.com\/es_ar\/wp-json\/wp\/v2\/media?parent=277"}],"curies":[{"name":"wp","href":"https:\/\/api.w.org\/{rel}","templated":true}]}}