{"id":280,"date":"2022-09-10T22:31:08","date_gmt":"2022-09-10T22:31:08","guid":{"rendered":"https:\/\/drvoronoff.com\/wp\/?page_id=280"},"modified":"2022-09-10T23:00:11","modified_gmt":"2022-09-10T23:00:11","slug":"la-combinacion-de-dr-voronoff","status":"publish","type":"page","link":"https:\/\/drvoronoff.com\/es_ar\/terapia-oral-anti-envejecimiento\/la-combinacion-de-dr-voronoff\/","title":{"rendered":"Combinaci\u00f3n de Sustancias Antienvejecimiento"},"content":{"rendered":"\n  <div class=\"banner has-hover\" id=\"banner-1198629074\">\n          <div class=\"banner-inner fill\">\n        <div class=\"banner-bg fill\" >\n                                    <div class=\"overlay\"><\/div>            \n                    <\/div>\n\t\t\n\t<div class=\"ux-shape-divider ux-shape-divider--bottom ux-shape-divider--style-waves-opacity-3\">\n\t\t<svg viewBox=\"0 0 1000 300\" xmlns=\"http:\/\/www.w3.org\/2000\/svg\" preserveAspectRatio=\"none\">\n\t<path class=\"ux-shape-fill\" opacity=\"0.05\" d=\"M1014 264V386H206L34 300C34 300 344.42 277.16 436 221C542 156 590 160 704 209C811 255 899.11 214.94 979 346L1014 264Z\"\/>\n\t<path class=\"ux-shape-fill\" opacity=\"0.1\" d=\"M-302 55C-302 55 -66.73 263.25 50 214C178 160 283 116 353 141C445.68 174.1 534.28 256.19 588 249C692.9 235 764.52 75.94 855 131C940.61 183.09 1000 254 1000 254V328L-306 338L-302 55Z\"\/>\n\t<path class=\"ux-shape-fill\" opacity=\"0.15\" d=\"M-286 255C-286 255 -72 152 52 126C176 100 255 155 436 227C581.57 284.91 614.7 277.79 708 227C787 184 1009 3.0001 1093 164C1146 265.63 1031 293 1031 293L924 377L-288 389L-286 255Z\"\/>\n\t<path class=\"ux-shape-fill\" opacity=\"0.3\" d=\"M-24 69C-24 69 275.68 370.66 389 314C397 310 622 316 673 356C690.47 369.7 845 224 890 182C944.8 130.85 1018 92 1078 143C1154.12 207.7 1196 242 1196 242L1184 374L-28 386L-24 69Z\"\/>\n\t<path class=\"ux-shape-fill\" d=\"M-12 201C-12 201 58 284 182 258C306 232 342.29 221.23 456 264C565 305 640.82 288.36 721 249C776 222 837.5 191.31 935 253C984 284 1030 279 1030 279L1024 430L-12 440V201Z\"\/>\n<\/svg>\n\t<\/div>\n        <div class=\"banner-layers container\">\n            <div class=\"fill banner-link\"><\/div>            \n   <div id=\"text-box-444880502\" class=\"text-box banner-layer x50 md-x50 lg-x50 y80 md-y80 lg-y80 res-text\">\n                                <div class=\"text-box-content text dark\">\n              \n              <div class=\"text-inner text-center\">\n                  \n<h3>Combinaci\u00f3n de sustancias antienvejecimiento<\/h3>\n<h1 class=\"lead\">Dr Voronoff Cellular Advantage<\/h1>\n              <\/div>\n           <\/div>\n                            \n<style>\n#text-box-444880502 {\n  width: 100%;\n}\n#text-box-444880502 .text-box-content {\n  font-size: 100%;\n}\n<\/style>\n    <\/div>\n \n        <\/div>\n      <\/div>\n\n            \n<style>\n#banner-1198629074 {\n  padding-top: 300px;\n  background-color: rgb(0,0,0);\n}\n#banner-1198629074 .overlay {\n  background-color: rgba(0,0,0,.5);\n}\n#banner-1198629074 .ux-shape-divider--bottom svg {\n  height: 80px;\n  --divider-width: 100%;\n}\n@media (min-width:550px) {\n  #banner-1198629074 {\n    padding-top: 270px;\n  }\n}\n<\/style>\n  <\/div>\n\n\n<div class=\"row row-large align-middle\"  id=\"row-323865580\">\n\n\t<div id=\"col-559992349\" class=\"col medium-6 small-12 large-6\"  >\n\t\t\t\t<div class=\"col-inner\"  >\n\t\t\t\n\t\t\t\n\t<div id=\"text-2355293045\" class=\"text\">\n\t\t\n<p><strong>\u00bfPor qu\u00e9 Dr Voronoff Cellular Advantage utiliza una combinaci\u00f3n de amino\u00e1cidos con c\u00e9lulas de Placenta bovina, factores espec\u00edficos, vitaminas y minerales?<\/strong><\/p>\n<p>Para comenzar, la estructura bioqu\u00edmica de las c\u00e9lulas de ciertos animales es similar a la del cuerpo humano.<\/p>\n<p>Utilizamos vacas por su buena salud general y alta resistencia a la enfermedad.<\/p>\n<p>Usamos las c\u00e9lulas de la Placenta porque en la Placenta de vacas j\u00f3venes podemos encontrar la m\u00e1s completa nutrici\u00f3n celular en la naturaleza, ya que \u00a0esos nutrientes se encuentran naturalmente en la Placenta para asegurar al reci\u00e9n nacido una vida sana, un fuerte sistema inmunol\u00f3gico y todos los nutrientes necesarios para el crecimiento saludable de todos los \u00f3rganos y tejidos del becerro reci\u00e9n nacido.<\/p>\n\t\t\n<style>\n#text-2355293045 {\n  font-size: 1.2rem;\n}\n<\/style>\n\t<\/div>\n\t\n\t\t<\/div>\n\t\t\t\t\t<\/div>\n\n\t\n\n\t<div id=\"col-469580556\" class=\"col medium-6 small-12 large-6\"  >\n\t\t\t\t<div class=\"col-inner\"  >\n\t\t\t\n\t\t\t\n\t<div class=\"img has-hover x md-x lg-x y md-y lg-y\" id=\"image_1784560599\">\n\t\t\t\t\t\t\t\t<div class=\"img-inner dark\" >\n\t\t\t<img loading=\"lazy\" decoding=\"async\" width=\"1020\" height=\"680\" src=\"https:\/\/drvoronoff.com\/wp\/wp-content\/uploads\/2022\/09\/converted_dreamstime_121215726-1-1200x800.jpg\" class=\"attachment-large size-large\" alt=\"\" srcset=\"https:\/\/drvoronoff.com\/wp\/wp-content\/uploads\/2022\/09\/converted_dreamstime_121215726-1-1200x800.jpg 1200w, https:\/\/drvoronoff.com\/wp\/wp-content\/uploads\/2022\/09\/converted_dreamstime_121215726-1-600x400.jpg 600w, https:\/\/drvoronoff.com\/wp\/wp-content\/uploads\/2022\/09\/converted_dreamstime_121215726-1-768x512.jpg 768w, https:\/\/drvoronoff.com\/wp\/wp-content\/uploads\/2022\/09\/converted_dreamstime_121215726-1-1536x1024.jpg 1536w, https:\/\/drvoronoff.com\/wp\/wp-content\/uploads\/2022\/09\/converted_dreamstime_121215726-1.jpg 2000w\" sizes=\"auto, (max-width: 1020px) 100vw, 1020px\" \/>\t\t\t\t\t\t\n\t\t\t\t\t<\/div>\n\t\t\t\t\t\t\t\t\n<style>\n#image_1784560599 {\n  width: 100%;\n}\n<\/style>\n\t<\/div>\n\t\n\t\t<\/div>\n\t\t\t\t\t<\/div>\n\n\t\n<\/div>\n<div class=\"row row-large\"  id=\"row-564596321\">\n\n\t<div id=\"col-2102777359\" class=\"col small-12 large-12\"  >\n\t\t\t\t<div class=\"col-inner\"  >\n\t\t\t\n\t\t\t\n\t<div id=\"text-3891102581\" class=\"text\">\n\t\t\n<p>Hay varios tratamientos celulares disponibles en la actualidad, pero Dr Voronoff Cellular Advantage es el m\u00e1s completo, revitalizante y regenerativo de todos.<\/p>\n<p>De hecho, es el \u00fanico basado en una rica combinaci\u00f3n de sustancias antienvejecimiento y el \u00fanico con c\u00e9lulas de Placenta extra\u00eddas en las mejores condiciones posibles (ver explicaci\u00f3n detallada).<\/p>\n<p>Dr. Voronoff Cellular Advantage es una f\u00f3rmula rica en amino\u00e1cidos esenciales y representa una composici\u00f3n regenerativa celular, trabajando para equilibrar y perfeccionar el funcionamiento del cuerpo humano.<\/p>\n<p>Las aplicaciones de nuestro producto son tan amplias y seguras que puede utilizarse durante a\u00f1os sin riesgos.<\/p>\n<p>El tratamiento antienvejecimiento Dr Voronoff Cellular Advantage incluye todo el material necesario para promover el crecimiento y renovaci\u00f3n celular en personas de cualquier edad.<\/p>\n<p>El mayor valor que otorga este tratamiento se basa en que no es una medicina farmacol\u00f3gica sino un tratamiento regenerativo, que puede ser completamente asimilado por el cuerpo sin inconvenientes o riesgos.<\/p>\n\t\t\n<style>\n#text-3891102581 {\n  font-size: 1.2rem;\n}\n<\/style>\n\t<\/div>\n\t\n\t\t<\/div>\n\t\t\t\t\t<\/div>\n\n\t\n<\/div>\n","protected":false},"excerpt":{"rendered":"","protected":false},"author":1,"featured_media":8,"parent":230,"menu_order":0,"comment_status":"closed","ping_status":"closed","template":"page-transparent-header-light.php","meta":{"footnotes":""},"class_list":["post-280","page","type-page","status-publish","has-post-thumbnail","hentry"],"_links":{"self":[{"href":"https:\/\/drvoronoff.com\/es_ar\/wp-json\/wp\/v2\/pages\/280","targetHints":{"allow":["GET"]}}],"collection":[{"href":"https:\/\/drvoronoff.com\/es_ar\/wp-json\/wp\/v2\/pages"}],"about":[{"href":"https:\/\/drvoronoff.com\/es_ar\/wp-json\/wp\/v2\/types\/page"}],"author":[{"embeddable":true,"href":"https:\/\/drvoronoff.com\/es_ar\/wp-json\/wp\/v2\/users\/1"}],"replies":[{"embeddable":true,"href":"https:\/\/drvoronoff.com\/es_ar\/wp-json\/wp\/v2\/comments?post=280"}],"version-history":[{"count":7,"href":"https:\/\/drvoronoff.com\/es_ar\/wp-json\/wp\/v2\/pages\/280\/revisions"}],"predecessor-version":[{"id":309,"href":"https:\/\/drvoronoff.com\/es_ar\/wp-json\/wp\/v2\/pages\/280\/revisions\/309"}],"up":[{"embeddable":true,"href":"https:\/\/drvoronoff.com\/es_ar\/wp-json\/wp\/v2\/pages\/230"}],"wp:featuredmedia":[{"embeddable":true,"href":"https:\/\/drvoronoff.com\/es_ar\/wp-json\/wp\/v2\/media\/8"}],"wp:attachment":[{"href":"https:\/\/drvoronoff.com\/es_ar\/wp-json\/wp\/v2\/media?parent=280"}],"curies":[{"name":"wp","href":"https:\/\/api.w.org\/{rel}","templated":true}]}}