{"id":3412,"date":"2024-10-30T11:00:51","date_gmt":"2024-10-30T11:00:51","guid":{"rendered":"https:\/\/drvoronoff.com\/?page_id=3412"},"modified":"2024-10-30T11:33:22","modified_gmt":"2024-10-30T11:33:22","slug":"faq","status":"publish","type":"page","link":"https:\/\/drvoronoff.com\/es_ar\/faq\/","title":{"rendered":"Preguntas Frecuentes"},"content":{"rendered":"\n  <div class=\"banner has-hover\" id=\"banner-1446645019\">\n          <div class=\"banner-inner fill\">\n        <div class=\"banner-bg fill\" >\n                                    <div class=\"overlay\"><\/div>            \n                    <\/div>\n\t\t\n\t<div class=\"ux-shape-divider ux-shape-divider--bottom ux-shape-divider--style-waves-opacity-3\">\n\t\t<svg viewBox=\"0 0 1000 300\" xmlns=\"http:\/\/www.w3.org\/2000\/svg\" preserveAspectRatio=\"none\">\n\t<path class=\"ux-shape-fill\" opacity=\"0.05\" d=\"M1014 264V386H206L34 300C34 300 344.42 277.16 436 221C542 156 590 160 704 209C811 255 899.11 214.94 979 346L1014 264Z\"\/>\n\t<path class=\"ux-shape-fill\" opacity=\"0.1\" d=\"M-302 55C-302 55 -66.73 263.25 50 214C178 160 283 116 353 141C445.68 174.1 534.28 256.19 588 249C692.9 235 764.52 75.94 855 131C940.61 183.09 1000 254 1000 254V328L-306 338L-302 55Z\"\/>\n\t<path class=\"ux-shape-fill\" opacity=\"0.15\" d=\"M-286 255C-286 255 -72 152 52 126C176 100 255 155 436 227C581.57 284.91 614.7 277.79 708 227C787 184 1009 3.0001 1093 164C1146 265.63 1031 293 1031 293L924 377L-288 389L-286 255Z\"\/>\n\t<path class=\"ux-shape-fill\" opacity=\"0.3\" d=\"M-24 69C-24 69 275.68 370.66 389 314C397 310 622 316 673 356C690.47 369.7 845 224 890 182C944.8 130.85 1018 92 1078 143C1154.12 207.7 1196 242 1196 242L1184 374L-28 386L-24 69Z\"\/>\n\t<path class=\"ux-shape-fill\" d=\"M-12 201C-12 201 58 284 182 258C306 232 342.29 221.23 456 264C565 305 640.82 288.36 721 249C776 222 837.5 191.31 935 253C984 284 1030 279 1030 279L1024 430L-12 440V201Z\"\/>\n<\/svg>\n\t<\/div>\n        <div class=\"banner-layers container\">\n            <div class=\"fill banner-link\"><\/div>            \n   <div id=\"text-box-257336959\" class=\"text-box banner-layer x50 md-x50 lg-x50 y80 md-y80 lg-y80 res-text\">\n                                <div class=\"text-box-content text dark\">\n              \n              <div class=\"text-inner text-center\">\n                  \n<h3>Dr Voronoff Cellular Advantage<\/h3>\n<h1 class=\"lead\">Preguntas Frecuentes<\/h1>\n              <\/div>\n           <\/div>\n                            \n<style>\n#text-box-257336959 {\n  width: 100%;\n}\n#text-box-257336959 .text-box-content {\n  font-size: 100%;\n}\n<\/style>\n    <\/div>\n \n        <\/div>\n      <\/div>\n\n            \n<style>\n#banner-1446645019 {\n  padding-top: 300px;\n  background-color: rgb(0,0,0);\n}\n#banner-1446645019 .overlay {\n  background-color: rgba(0,0,0,.5);\n}\n#banner-1446645019 .ux-shape-divider--bottom svg {\n  height: 80px;\n  --divider-width: 100%;\n}\n<\/style>\n  <\/div>\n\n\n<div class=\"row row-large align-middle\"  id=\"row-1727023430\">\n\n\t<div id=\"col-499833866\" class=\"col small-12 large-12\"  >\n\t\t\t\t<div class=\"col-inner\"  >\n\t\t\t\n\t\t\t\n<div class=\"accordion\">\n\t<div id=\"accordion-3937764226\" class=\"accordion-item\">\n\t\t<a id=\"accordion-3937764226-label\" class=\"accordion-title plain\" href=\"#accordion-item-\u00bfpor-qu\u00e9-cellular-advantage?-\u00bfen-que-beneficia?\" aria-expanded=\"false\" aria-controls=\"accordion-3937764226-content\" >\n\t\t\t<button class=\"toggle\" aria-label=\"Toggle\"><i class=\"icon-angle-down\"><\/i><\/button>\n\t\t\t<span>\u00bfPor qu\u00e9 Cellular Advantage? \u00bfEn que beneficia?<\/span>\n\t\t<\/a>\n\t\t<div id=\"accordion-3937764226-content\" class=\"accordion-inner\" aria-labelledby=\"accordion-3937764226-label\" >\n\t\t\t\n<p><span style=\"font-weight: 400;\">Es un compuesto dise\u00f1ado para detener el proceso de envejecimiento del cuerpo humano.<\/span><\/p>\n<p><span style=\"font-weight: 400;\">Su efecto ser\u00e1 frenarlo y restablecer el funcionamiento metab\u00f3lico del cuerpo para que se produzca un rejuvenecimiento celular que permita sentirse m\u00e1s joven, con energ\u00eda renovada. Todo ello mientras se desacelera el envejecimiento normal de la persona.\u00a0<\/span><\/p>\n<p><span style=\"font-weight: 400;\">Esta f\u00f3rmula exclusiva act\u00faa desde el interior de las c\u00e9lulas, logrando un remarcable efecto de \u201cdesaceleraci\u00f3n del envejecimiento corporal\u201d \u00f3 \u201cantienvejecimiento\u201d. Los resultados se logran por la combinaci\u00f3n exacta de nutrientes en la proporci\u00f3n precisa para que puedan actuar en equipo.<\/span><\/p>\n<p><span style=\"font-weight: 400;\">Este producto favorece adem\u00e1s la formaci\u00f3n de \u201cc\u00e9lulas madre\u201d dentro del organismo, las cuales son las formadoras de nuevas c\u00e9lulas en todos los tejidos y \u00f3rganos del cuerpo.\u00a0<\/span><\/p>\n<p><span style=\"font-weight: 400;\">Es el concepto m\u00e1s avanzado en terapias \u201cantienvejecimiento\u201d, ya que trabaja desde el interior de las c\u00e9lulas.<\/span><\/p>\n<p><b>Durante los \u00faltimos a\u00f1os Dr. Voronoff Cellular Advantage ha demostrado ser eficaz para:<\/b><\/p>\n<ul>\n<li><span style=\"font-weight: 400;\">Mejorar el tono de la piel y estimular el crecimiento capilar y de u\u00f1as<\/span><\/li>\n<li><span style=\"font-weight: 400;\">Prevenir el envejecimiento de la piel<\/span><\/li>\n<li><span style=\"font-weight: 400;\">Revitalizar las funciones corporales<\/span><\/li>\n<li><span style=\"font-weight: 400;\">Aumentar la resistencia al estr\u00e9s<\/span><\/li>\n<li><span style=\"font-weight: 400;\">Mejorar las funciones org\u00e1nicas y el rendimiento normalmente deteriorados con el paso del tiempo<\/span><\/li>\n<li><span style=\"font-weight: 400;\">Mejorar la memoria<\/span><\/li>\n<li><span style=\"font-weight: 400;\">Mejorar la calidad del sue\u00f1o<\/span><\/li>\n<li><span style=\"font-weight: 400;\">Prevenci\u00f3n de la osteoporosis<\/span><\/li>\n<li><span style=\"font-weight: 400;\">Estimular y controlar la libido tanto en hombres como en mujeres.<\/span><\/li>\n<li><span style=\"font-weight: 400;\">Dr. Voronoff Cellular Advantage tambi\u00e9n ayuda a estimular los vasos sangu\u00edneos y a acelerar la recuperaci\u00f3n de las heridas.<\/span><\/li>\n<li><span style=\"font-weight: 400;\">Estimula la hormona de crecimiento (lo cual hace al paciente m\u00e1s joven).<\/span><\/li>\n<li><span style=\"font-weight: 400;\">Recuerde que ciertos cambios son inevitables y llevan al deterioro gradual del cuerpo, por ejemplo el da\u00f1o gradual de los tejidos, \u00f3rganos \u00f3 todo el sistema en general.<\/span><\/li>\n<\/ul>\n<p><span style=\"font-weight: 400;\">No podemos darnos el lujo de pasar por alto ese hecho, debemos enfrentarlo y empezar a trabajar temprano para prevenir las consecuencias.<\/span><\/p>\n<p><span style=\"font-weight: 400;\">No espere hasta que el deterioro sea irreversible, es decir, no permita que una perturbaci\u00f3n funcional se convierta en un da\u00f1o estructural.<\/span><\/p>\n<p><b>Es inmediato\u00a0<\/b><\/p>\n<p><span style=\"font-weight: 400;\">La persona se siente con energ\u00eda renovada, vital, con m\u00e1s energ\u00eda para realizar las tareas diarias.<\/span><\/p>\n<p><span style=\"font-weight: 400;\">La persona nota que con el paso de los d\u00edas, su piel va tomando un brillo diferente.<\/span><\/p>\n<p><span style=\"font-weight: 400;\">Estos efectos \u201cinmediatos\u201d son los que las personas aprecian m\u00e1s, sin embargo son los menos importantes ya que hay que remarcar que el efecto logrado ser\u00e1 principalmente la desaceleraci\u00f3n del proceso normal de envejecimiento celular y la reparaci\u00f3n y renovaci\u00f3n celular, proceso que va realmente por dentro.<\/span><\/p>\n\t\t<\/div>\n\t<\/div>\n\t\n\t<div id=\"accordion-822260893\" class=\"accordion-item\">\n\t\t<a id=\"accordion-822260893-label\" class=\"accordion-title plain\" href=\"#accordion-item-\u00bfqui\u00e9nes-pueden-tomarlo?\" aria-expanded=\"false\" aria-controls=\"accordion-822260893-content\" >\n\t\t\t<button class=\"toggle\" aria-label=\"Toggle\"><i class=\"icon-angle-down\"><\/i><\/button>\n\t\t\t<span>\u00bfQui\u00e9nes pueden tomarlo?<\/span>\n\t\t<\/a>\n\t\t<div id=\"accordion-822260893-content\" class=\"accordion-inner\" aria-labelledby=\"accordion-822260893-label\" >\n\t\t\t\n<p><span style=\"font-weight: 400;\">Dr Voronoff Cellular Advantage no tiene contraindicaciones y puede ser tomado por personas de cualquier sexo y edad.<\/span><\/p>\n<p><span style=\"font-weight: 400;\">Alrededor de los 30 a\u00f1os todos los tejidos del cuerpo comienzan a mostrar su proceso de envejecimiento con mayor o menor velocidad, dependiendo de cada individuo, por lo tanto Cellular Advantage beneficia a cualquier persona de cualquier edad. Si se toma m\u00e1s temprano mejor, ya que retrasa el comienzo del proceso de envejecimiento, y si se toma a edad m\u00e1s avanzada se logra la\u00a0 desaceleraci\u00f3n de dicho proceso.<\/span><\/p>\n\t\t<\/div>\n\t<\/div>\n\t\n\t<div id=\"accordion-746695085\" class=\"accordion-item\">\n\t\t<a id=\"accordion-746695085-label\" class=\"accordion-title plain\" href=\"#accordion-item-\u00bfc\u00f3mo-se-toma?\" aria-expanded=\"false\" aria-controls=\"accordion-746695085-content\" >\n\t\t\t<button class=\"toggle\" aria-label=\"Toggle\"><i class=\"icon-angle-down\"><\/i><\/button>\n\t\t\t<span>\u00bfC\u00f3mo se toma?<\/span>\n\t\t<\/a>\n\t\t<div id=\"accordion-746695085-content\" class=\"accordion-inner\" aria-labelledby=\"accordion-746695085-label\" >\n\t\t\t\n<p><span style=\"font-weight: 400;\">La recomendaci\u00f3n impresa en el estuche de Cellular Advantage es tomarlo en la noche antes de acostarse, el prop\u00f3sito de ello es que se tome alejado de cualquier ingesta de comida, ya que los nutrientes presentes en cualquier alimento pueden interferir con la absorci\u00f3n de Cellular Advantage provocando que ciertas fracciones del producto no puedan ser totalmente aprovechadas por el cuerpo.<\/span><\/p>\n\t\t<\/div>\n\t<\/div>\n\t\n\t<div id=\"accordion-3926532577\" class=\"accordion-item\">\n\t\t<a id=\"accordion-3926532577-label\" class=\"accordion-title plain\" href=\"#accordion-item-\u00bfcu\u00e1ntas-veces-debe-ser-utilizado?\" aria-expanded=\"false\" aria-controls=\"accordion-3926532577-content\" >\n\t\t\t<button class=\"toggle\" aria-label=\"Toggle\"><i class=\"icon-angle-down\"><\/i><\/button>\n\t\t\t<span>\u00bfCu\u00e1ntas veces debe ser utilizado?<\/span>\n\t\t<\/a>\n\t\t<div id=\"accordion-3926532577-content\" class=\"accordion-inner\" aria-labelledby=\"accordion-3926532577-label\" >\n\t\t\t\n<p><span style=\"font-weight: 400;\">LA RECOMENDACI\u00d3N ES TOMAR UNO O DOS TRATAMIENTOS AL A\u00d1O.<\/span><\/p>\n<p><span style=\"font-weight: 400;\">De acuerdo a la elecci\u00f3n de cada persona, Dr Voronoff Cellular Advantage puede ser tomado con la siguiente frecuencia:<\/span><\/p>\n<ul>\n<li><span style=\"font-weight: 400;\">MUY BUENO 1 a 2 tratamientos al a\u00f1o\u00a0<\/span><\/li>\n<li><span style=\"font-weight: 400;\">EXCELENTE 3 a 4 tratamientos al a\u00f1o<\/span><\/li>\n<\/ul>\n<p><span style=\"font-weight: 400;\">El producto puede ser tomado sin interrupci\u00f3n durante todo el a\u00f1o, todos los a\u00f1os, y no causa ning\u00fan efecto negativo en el organismo, todo lo contrario.<\/span><\/p>\n\t\t<\/div>\n\t<\/div>\n\t\n\t<div id=\"accordion-2703004204\" class=\"accordion-item\">\n\t\t<a id=\"accordion-2703004204-label\" class=\"accordion-title plain\" href=\"#accordion-item-\u00bfc\u00f3mo-disolverlo?\" aria-expanded=\"false\" aria-controls=\"accordion-2703004204-content\" >\n\t\t\t<button class=\"toggle\" aria-label=\"Toggle\"><i class=\"icon-angle-down\"><\/i><\/button>\n\t\t\t<span>\u00bfC\u00f3mo disolverlo?<\/span>\n\t\t<\/a>\n\t\t<div id=\"accordion-2703004204-content\" class=\"accordion-inner\" aria-labelledby=\"accordion-2703004204-label\" >\n\t\t\t\n<p><span style=\"font-weight: 400;\">Se recomienda disolverlo en \u00bd vaso de agua o jugo. Debe ser mezclado\/batido <\/span><strong>en\u00e9rgicamente<\/strong><span style=\"font-weight: 400;\"> durante 30 segundos y beber r\u00e1pidamente evitando que la preparaci\u00f3n decante. Debido a la naturaleza de los ingredientes presentes en el producto, el contenido de los frascos\/ampollas puede adherirse a la superficie interna del envase, llegando incluso a formar bloques compactos dentro del mismo, lo cual es totalmente normal y por ello en dichos casos se recomienda utilizar una peque\u00f1a varilla para poder liberar el contenido de su envase.<\/span><\/p>\n\t\t<\/div>\n\t<\/div>\n\t\n\t<div id=\"accordion-3337621471\" class=\"accordion-item\">\n\t\t<a id=\"accordion-3337621471-label\" class=\"accordion-title plain\" href=\"#accordion-item-\u00bfse-puede-tomar-si-se-est\u00e1-consumiendo-medicamentos?\" aria-expanded=\"false\" aria-controls=\"accordion-3337621471-content\" >\n\t\t\t<button class=\"toggle\" aria-label=\"Toggle\"><i class=\"icon-angle-down\"><\/i><\/button>\n\t\t\t<span>\u00bfSe puede tomar si se est\u00e1 consumiendo medicamentos?<\/span>\n\t\t<\/a>\n\t\t<div id=\"accordion-3337621471-content\" class=\"accordion-inner\" aria-labelledby=\"accordion-3337621471-label\" >\n\t\t\t\n<p><span style=\"font-weight: 400;\">Si, Cellular Advantage puede consumirse sin ninguna precauci\u00f3n, aunque se est\u00e9 tomando medicamentos, no obstante se recomienda consultar a su m\u00e9dico si est\u00e1 bajo alguna clase de tratamiento por enfermedad.<\/span><\/p>\n\t\t<\/div>\n\t<\/div>\n\t\n\t<div id=\"accordion-4045561717\" class=\"accordion-item\">\n\t\t<a id=\"accordion-4045561717-label\" class=\"accordion-title plain\" href=\"#accordion-item-\u00bfc\u00f3mo-se-conserva?\" aria-expanded=\"false\" aria-controls=\"accordion-4045561717-content\" >\n\t\t\t<button class=\"toggle\" aria-label=\"Toggle\"><i class=\"icon-angle-down\"><\/i><\/button>\n\t\t\t<span>\u00bfC\u00f3mo se conserva?<\/span>\n\t\t<\/a>\n\t\t<div id=\"accordion-4045561717-content\" class=\"accordion-inner\" aria-labelledby=\"accordion-4045561717-label\" >\n\t\t\t\n<p><span style=\"font-weight: 400;\">Conservar a temperatura ambiente lejos de la luz solar y el calor.<\/span><\/p>\n\t\t<\/div>\n\t<\/div>\n\t\n<\/div>\n\t\t<\/div>\n\t\t\t\t\t<\/div>\n\n\t\n<\/div>\n<div class=\"row row-large\"  id=\"row-1479928287\">\n<\/div>\n","protected":false},"excerpt":{"rendered":"","protected":false},"author":1,"featured_media":8,"parent":0,"menu_order":0,"comment_status":"closed","ping_status":"closed","template":"page-transparent-header-light.php","meta":{"footnotes":""},"class_list":["post-3412","page","type-page","status-publish","has-post-thumbnail","hentry"],"_links":{"self":[{"href":"https:\/\/drvoronoff.com\/es_ar\/wp-json\/wp\/v2\/pages\/3412","targetHints":{"allow":["GET"]}}],"collection":[{"href":"https:\/\/drvoronoff.com\/es_ar\/wp-json\/wp\/v2\/pages"}],"about":[{"href":"https:\/\/drvoronoff.com\/es_ar\/wp-json\/wp\/v2\/types\/page"}],"author":[{"embeddable":true,"href":"https:\/\/drvoronoff.com\/es_ar\/wp-json\/wp\/v2\/users\/1"}],"replies":[{"embeddable":true,"href":"https:\/\/drvoronoff.com\/es_ar\/wp-json\/wp\/v2\/comments?post=3412"}],"version-history":[{"count":4,"href":"https:\/\/drvoronoff.com\/es_ar\/wp-json\/wp\/v2\/pages\/3412\/revisions"}],"predecessor-version":[{"id":3419,"href":"https:\/\/drvoronoff.com\/es_ar\/wp-json\/wp\/v2\/pages\/3412\/revisions\/3419"}],"wp:featuredmedia":[{"embeddable":true,"href":"https:\/\/drvoronoff.com\/es_ar\/wp-json\/wp\/v2\/media\/8"}],"wp:attachment":[{"href":"https:\/\/drvoronoff.com\/es_ar\/wp-json\/wp\/v2\/media?parent=3412"}],"curies":[{"name":"wp","href":"https:\/\/api.w.org\/{rel}","templated":true}]}}