{"id":372,"date":"2022-09-20T22:04:28","date_gmt":"2022-09-20T22:04:28","guid":{"rendered":"https:\/\/drvoronoff.com\/wp\/?page_id=372"},"modified":"2024-10-30T11:06:07","modified_gmt":"2024-10-30T11:06:07","slug":"nuestra-empresa","status":"publish","type":"page","link":"https:\/\/drvoronoff.com\/es_ar\/nuestra-empresa\/","title":{"rendered":"Nuestra Empresa"},"content":{"rendered":"\n  <div class=\"banner has-hover\" id=\"banner-1372984431\">\n          <div class=\"banner-inner fill\">\n        <div class=\"banner-bg fill\" >\n                                    <div class=\"overlay\"><\/div>            \n                    <\/div>\n\t\t\n\t<div class=\"ux-shape-divider ux-shape-divider--bottom ux-shape-divider--style-waves-opacity-3\">\n\t\t<svg viewBox=\"0 0 1000 300\" xmlns=\"http:\/\/www.w3.org\/2000\/svg\" preserveAspectRatio=\"none\">\n\t<path class=\"ux-shape-fill\" opacity=\"0.05\" d=\"M1014 264V386H206L34 300C34 300 344.42 277.16 436 221C542 156 590 160 704 209C811 255 899.11 214.94 979 346L1014 264Z\"\/>\n\t<path class=\"ux-shape-fill\" opacity=\"0.1\" d=\"M-302 55C-302 55 -66.73 263.25 50 214C178 160 283 116 353 141C445.68 174.1 534.28 256.19 588 249C692.9 235 764.52 75.94 855 131C940.61 183.09 1000 254 1000 254V328L-306 338L-302 55Z\"\/>\n\t<path class=\"ux-shape-fill\" opacity=\"0.15\" d=\"M-286 255C-286 255 -72 152 52 126C176 100 255 155 436 227C581.57 284.91 614.7 277.79 708 227C787 184 1009 3.0001 1093 164C1146 265.63 1031 293 1031 293L924 377L-288 389L-286 255Z\"\/>\n\t<path class=\"ux-shape-fill\" opacity=\"0.3\" d=\"M-24 69C-24 69 275.68 370.66 389 314C397 310 622 316 673 356C690.47 369.7 845 224 890 182C944.8 130.85 1018 92 1078 143C1154.12 207.7 1196 242 1196 242L1184 374L-28 386L-24 69Z\"\/>\n\t<path class=\"ux-shape-fill\" d=\"M-12 201C-12 201 58 284 182 258C306 232 342.29 221.23 456 264C565 305 640.82 288.36 721 249C776 222 837.5 191.31 935 253C984 284 1030 279 1030 279L1024 430L-12 440V201Z\"\/>\n<\/svg>\n\t<\/div>\n        <div class=\"banner-layers container\">\n            <div class=\"fill banner-link\"><\/div>            \n   <div id=\"text-box-99027221\" class=\"text-box banner-layer x50 md-x50 lg-x50 y80 md-y80 lg-y80 res-text\">\n                                <div class=\"text-box-content text dark\">\n              \n              <div class=\"text-inner text-center\">\n                  \n<h3>Dr Voronoff Cellular Advantage<\/h3>\n<h1 class=\"lead\">Nuestra Empresa<\/h1>\n              <\/div>\n           <\/div>\n                            \n<style>\n#text-box-99027221 {\n  width: 100%;\n}\n#text-box-99027221 .text-box-content {\n  font-size: 100%;\n}\n<\/style>\n    <\/div>\n \n        <\/div>\n      <\/div>\n\n            \n<style>\n#banner-1372984431 {\n  padding-top: 300px;\n  background-color: rgb(0,0,0);\n}\n#banner-1372984431 .overlay {\n  background-color: rgba(0,0,0,.5);\n}\n#banner-1372984431 .ux-shape-divider--bottom svg {\n  height: 80px;\n  --divider-width: 100%;\n}\n<\/style>\n  <\/div>\n\n\n<div class=\"row row-large align-middle\"  id=\"row-2063737859\">\n\n\t<div id=\"col-239485680\" class=\"col medium-6 small-12 large-6\"  >\n\t\t\t\t<div class=\"col-inner\"  >\n\t\t\t\n\t\t\t\n\t<div id=\"text-732144671\" class=\"text\">\n\t\t\n<p><span style=\"font-weight: 400;\"><strong>Laboratorio Web Supplements SRL<\/strong> fue fundada en Argentina en 1991 para fabricar una amplia gama de tratamientos ortomoleculares, suplementos diet\u00e9ticos y productos de bienestar.\u00a0<\/span><\/p>\n<p><span style=\"font-weight: 400;\">Desde el a\u00f1o 2009, nuestro laboratorio fabrica <strong>Cellular Advantage, el tratamiento antiedad m\u00e1s eficaz y exclusivo del mundo.<\/strong><\/span><\/p>\n<p><span style=\"font-weight: 400;\">El producto fue desarrollado hace varios a\u00f1os por un equipo de investigaci\u00f3n y desarrollo, que unific\u00f3 d\u00e9cadas de experiencia en el campo.\u00a0<\/span><\/p>\n<p><span style=\"font-weight: 400;\">Hasta ahora, este tipo de enfoque antienvejecimiento celular solo se utilizaba en las cl\u00ednicas m\u00e9dicas suizas, y fue gracias a sus a\u00f1os de experiencia cient\u00edfica que hoy podemos armar este tratamiento efectivo y \u00fanico.\u00a0<\/span><\/p>\n<p><span style=\"font-weight: 400;\">Nuestra empresa fue la<strong> primera en el mundo en distribuir este tipo de tratamiento celular antienvejecimiento<\/strong> y permitir alcanzar el objetivo de ralentizar el proceso de envejecimiento celular.<\/span><\/p>\n<p><span style=\"font-weight: 400;\">Para lograr este resultado, unimos fuerzas con un grupo de laboratorios farmac\u00e9uticos internacionales, <strong>aprobados por la FDA (Food and Drug Administration)<\/strong>, y con un proveedor exclusivo de algunos de los ingredientes m\u00e1s complejos utilizados en este tratamiento \u00fanico.<\/span><\/p>\n<p><span style=\"font-weight: 400;\">Desarrollado en Suiza y fabricado en Argentina bajo las m\u00e1s rigurosas normas de control de calidad, este tratamiento es el producto antienvejecimiento m\u00e1s exclusivo y complejo de la historia.<\/span><\/p>\n<p><span style=\"font-weight: 400;\">La marca del producto, <strong>Dr. Voronoff<\/strong>, se defini\u00f3 en honor al primer cient\u00edfico del mundo que estudi\u00f3 las posibilidades de ralentizar el proceso de envejecimiento celular.<\/span><\/p>\n\t\t\n<style>\n#text-732144671 {\n  font-size: 1.2rem;\n}\n<\/style>\n\t<\/div>\n\t\n\t\t<\/div>\n\t\t\t\t\t<\/div>\n\n\t\n\n\t<div id=\"col-1759931484\" class=\"col medium-6 small-12 large-6\"  >\n\t\t\t\t<div class=\"col-inner\"  >\n\t\t\t\n\t\t\t\n\t<div class=\"img has-hover x md-x lg-x y md-y lg-y\" id=\"image_217489112\">\n\t\t\t\t\t\t\t\t<div class=\"img-inner dark\" >\n\t\t\t<img loading=\"lazy\" decoding=\"async\" width=\"606\" height=\"800\" src=\"https:\/\/drvoronoff.com\/wp\/wp-content\/uploads\/2022\/09\/converted_dreamstime_22005401-606x800.jpg\" class=\"attachment-large size-large\" alt=\"\" srcset=\"https:\/\/drvoronoff.com\/wp\/wp-content\/uploads\/2022\/09\/converted_dreamstime_22005401-606x800.jpg 606w, https:\/\/drvoronoff.com\/wp\/wp-content\/uploads\/2022\/09\/converted_dreamstime_22005401-303x400.jpg 303w, https:\/\/drvoronoff.com\/wp\/wp-content\/uploads\/2022\/09\/converted_dreamstime_22005401-768x1014.jpg 768w, https:\/\/drvoronoff.com\/wp\/wp-content\/uploads\/2022\/09\/converted_dreamstime_22005401-1164x1536.jpg 1164w, https:\/\/drvoronoff.com\/wp\/wp-content\/uploads\/2022\/09\/converted_dreamstime_22005401-600x792.jpg 600w, https:\/\/drvoronoff.com\/wp\/wp-content\/uploads\/2022\/09\/converted_dreamstime_22005401.jpg 1515w\" sizes=\"auto, (max-width: 606px) 100vw, 606px\" \/>\t\t\t\t\t\t\n\t\t\t\t\t<\/div>\n\t\t\t\t\t\t\t\t\n<style>\n#image_217489112 {\n  width: 100%;\n}\n<\/style>\n\t<\/div>\n\t\n\t\t<\/div>\n\t\t\t\t\t<\/div>\n\n\t\n<\/div>\n<div class=\"row row-large\"  id=\"row-317348717\">\n<\/div>\n","protected":false},"excerpt":{"rendered":"","protected":false},"author":1,"featured_media":8,"parent":0,"menu_order":0,"comment_status":"closed","ping_status":"closed","template":"page-transparent-header-light.php","meta":{"footnotes":""},"class_list":["post-372","page","type-page","status-publish","has-post-thumbnail","hentry"],"_links":{"self":[{"href":"https:\/\/drvoronoff.com\/es_ar\/wp-json\/wp\/v2\/pages\/372","targetHints":{"allow":["GET"]}}],"collection":[{"href":"https:\/\/drvoronoff.com\/es_ar\/wp-json\/wp\/v2\/pages"}],"about":[{"href":"https:\/\/drvoronoff.com\/es_ar\/wp-json\/wp\/v2\/types\/page"}],"author":[{"embeddable":true,"href":"https:\/\/drvoronoff.com\/es_ar\/wp-json\/wp\/v2\/users\/1"}],"replies":[{"embeddable":true,"href":"https:\/\/drvoronoff.com\/es_ar\/wp-json\/wp\/v2\/comments?post=372"}],"version-history":[{"count":5,"href":"https:\/\/drvoronoff.com\/es_ar\/wp-json\/wp\/v2\/pages\/372\/revisions"}],"predecessor-version":[{"id":3417,"href":"https:\/\/drvoronoff.com\/es_ar\/wp-json\/wp\/v2\/pages\/372\/revisions\/3417"}],"wp:featuredmedia":[{"embeddable":true,"href":"https:\/\/drvoronoff.com\/es_ar\/wp-json\/wp\/v2\/media\/8"}],"wp:attachment":[{"href":"https:\/\/drvoronoff.com\/es_ar\/wp-json\/wp\/v2\/media?parent=372"}],"curies":[{"name":"wp","href":"https:\/\/api.w.org\/{rel}","templated":true}]}}